{"id":395,"date":"2025-10-27T19:47:08","date_gmt":"2025-10-27T19:47:08","guid":{"rendered":"https:\/\/niglo-design.fr\/?page_id=395"},"modified":"2026-03-18T20:30:54","modified_gmt":"2026-03-18T20:30:54","slug":"portaits","status":"publish","type":"page","link":"https:\/\/niglo-design.fr\/index.php\/portaits\/","title":{"rendered":"Portraits"},"content":{"rendered":"\t\t<div data-elementor-type=\"wp-page\" data-elementor-id=\"395\" class=\"elementor elementor-395\" data-elementor-post-type=\"page\">\n\t\t\t\t<div class=\"elementor-element elementor-element-393daef e-flex e-con-boxed e-con e-parent\" data-id=\"393daef\" data-element_type=\"container\" data-e-type=\"container\" data-settings=\"{&quot;background_background&quot;:&quot;classic&quot;}\">\n\t\t\t\t\t<div class=\"e-con-inner\">\n\t\t\t\t<div class=\"elementor-element elementor-element-9e50fc0 elementor-widget elementor-widget-heading\" data-id=\"9e50fc0\" data-element_type=\"widget\" data-e-type=\"widget\" data-widget_type=\"heading.default\">\n\t\t\t\t\t<h2 class=\"elementor-heading-title elementor-size-default\">Portrait<\/h2>\t\t\t\t<\/div>\n\t\t\t\t\t<\/div>\n\t\t\t\t<\/div>\n\t\t<div class=\"elementor-element elementor-element-2f9d89d e-flex e-con-boxed e-con e-parent\" data-id=\"2f9d89d\" data-element_type=\"container\" data-e-type=\"container\" data-settings=\"{&quot;background_background&quot;:&quot;classic&quot;}\">\n\t\t\t\t\t<div class=\"e-con-inner\">\n\t\t\t\t<div class=\"elementor-element elementor-element-90cad96 elementor-widget elementor-widget-gallery\" data-id=\"90cad96\" data-element_type=\"widget\" data-e-type=\"widget\" data-settings=\"{&quot;gallery_layout&quot;:&quot;masonry&quot;,&quot;columns&quot;:4,&quot;columns_tablet&quot;:2,&quot;columns_mobile&quot;:1,&quot;gap&quot;:{&quot;unit&quot;:&quot;px&quot;,&quot;size&quot;:10,&quot;sizes&quot;:[]},&quot;gap_tablet&quot;:{&quot;unit&quot;:&quot;px&quot;,&quot;size&quot;:10,&quot;sizes&quot;:[]},&quot;gap_mobile&quot;:{&quot;unit&quot;:&quot;px&quot;,&quot;size&quot;:10,&quot;sizes&quot;:[]},&quot;link_to&quot;:&quot;file&quot;,&quot;overlay_background&quot;:&quot;yes&quot;,&quot;content_hover_animation&quot;:&quot;fade-in&quot;}\" data-widget_type=\"gallery.default\">\n\t\t\t\t\t\t\t<div class=\"elementor-gallery__container\">\n\t\t\t\t\t\t\t<a class=\"e-gallery-item elementor-gallery-item elementor-animated-content\" href=\"https:\/\/niglo-design.fr\/wp-content\/uploads\/2026\/01\/Autoportrait-Robot.jpg\" data-elementor-open-lightbox=\"yes\" data-elementor-lightbox-slideshow=\"90cad96\" data-elementor-lightbox-title=\"Autoportrait Robot\" data-e-action-hash=\"#elementor-action%3Aaction%3Dlightbox%26settings%3DeyJpZCI6ODMxLCJ1cmwiOiJodHRwczpcL1wvbmlnbG8tZGVzaWduLmZyXC93cC1jb250ZW50XC91cGxvYWRzXC8yMDI2XC8wMVwvQXV0b3BvcnRyYWl0LVJvYm90LmpwZyIsInNsaWRlc2hvdyI6IjkwY2FkOTYifQ%3D%3D\">\n\t\t\t\t\t<div class=\"e-gallery-image elementor-gallery-item__image\" data-thumbnail=\"https:\/\/niglo-design.fr\/wp-content\/uploads\/2026\/01\/Autoportrait-Robot-768x768.jpg\" data-width=\"768\" data-height=\"768\" aria-label=\"\" role=\"img\" ><\/div>\n\t\t\t\t\t\t\t\t\t\t\t<div class=\"elementor-gallery-item__overlay\"><\/div>\n\t\t\t\t\t\t\t\t\t\t\t\t\t\t<\/a>\n\t\t\t\t\t\t\t<a class=\"e-gallery-item elementor-gallery-item elementor-animated-content\" href=\"https:\/\/niglo-design.fr\/wp-content\/uploads\/2026\/01\/Sage-Portrait-scaled.jpg\" data-elementor-open-lightbox=\"yes\" data-elementor-lightbox-slideshow=\"90cad96\" data-elementor-lightbox-title=\"Sage Portrait\" data-e-action-hash=\"#elementor-action%3Aaction%3Dlightbox%26settings%3DeyJpZCI6ODQyLCJ1cmwiOiJodHRwczpcL1wvbmlnbG8tZGVzaWduLmZyXC93cC1jb250ZW50XC91cGxvYWRzXC8yMDI2XC8wMVwvU2FnZS1Qb3J0cmFpdC1zY2FsZWQuanBnIiwic2xpZGVzaG93IjoiOTBjYWQ5NiJ9\">\n\t\t\t\t\t<div class=\"e-gallery-image elementor-gallery-item__image\" data-thumbnail=\"https:\/\/niglo-design.fr\/wp-content\/uploads\/2026\/01\/Sage-Portrait-scaled.jpg\" data-width=\"768\" data-height=\"947\" aria-label=\"\" role=\"img\" ><\/div>\n\t\t\t\t\t\t\t\t\t\t\t<div class=\"elementor-gallery-item__overlay\"><\/div>\n\t\t\t\t\t\t\t\t\t\t\t\t\t\t<\/a>\n\t\t\t\t\t\t\t<a class=\"e-gallery-item elementor-gallery-item elementor-animated-content\" href=\"https:\/\/niglo-design.fr\/wp-content\/uploads\/2026\/01\/la-personne-Mysterieuse.jpg\" data-elementor-open-lightbox=\"yes\" data-elementor-lightbox-slideshow=\"90cad96\" data-elementor-lightbox-title=\"la personne Myst\u00e9rieuse\" data-e-action-hash=\"#elementor-action%3Aaction%3Dlightbox%26settings%3DeyJpZCI6ODM4LCJ1cmwiOiJodHRwczpcL1wvbmlnbG8tZGVzaWduLmZyXC93cC1jb250ZW50XC91cGxvYWRzXC8yMDI2XC8wMVwvbGEtcGVyc29ubmUtTXlzdGVyaWV1c2UuanBnIiwic2xpZGVzaG93IjoiOTBjYWQ5NiJ9\">\n\t\t\t\t\t<div class=\"e-gallery-image elementor-gallery-item__image\" data-thumbnail=\"https:\/\/niglo-design.fr\/wp-content\/uploads\/2026\/01\/la-personne-Mysterieuse-768x1024.jpg\" data-width=\"768\" data-height=\"1024\" aria-label=\"\" role=\"img\" ><\/div>\n\t\t\t\t\t\t\t\t\t\t\t<div class=\"elementor-gallery-item__overlay\"><\/div>\n\t\t\t\t\t\t\t\t\t\t\t\t\t\t<\/a>\n\t\t\t\t\t\t\t<a class=\"e-gallery-item elementor-gallery-item elementor-animated-content\" href=\"https:\/\/niglo-design.fr\/wp-content\/uploads\/2026\/01\/Ducky-Vapers-scaled.jpg\" data-elementor-open-lightbox=\"yes\" data-elementor-lightbox-slideshow=\"90cad96\" data-elementor-lightbox-title=\"Ducky-Vapers\" data-e-action-hash=\"#elementor-action%3Aaction%3Dlightbox%26settings%3DeyJpZCI6ODM0LCJ1cmwiOiJodHRwczpcL1wvbmlnbG8tZGVzaWduLmZyXC93cC1jb250ZW50XC91cGxvYWRzXC8yMDI2XC8wMVwvRHVja3ktVmFwZXJzLXNjYWxlZC5qcGciLCJzbGlkZXNob3ciOiI5MGNhZDk2In0%3D\">\n\t\t\t\t\t<div class=\"e-gallery-image elementor-gallery-item__image\" data-thumbnail=\"https:\/\/niglo-design.fr\/wp-content\/uploads\/2026\/01\/Ducky-Vapers-scaled.jpg\" data-width=\"768\" data-height=\"1086\" aria-label=\"\" role=\"img\" ><\/div>\n\t\t\t\t\t\t\t\t\t\t\t<div class=\"elementor-gallery-item__overlay\"><\/div>\n\t\t\t\t\t\t\t\t\t\t\t\t\t\t<\/a>\n\t\t\t\t\t\t\t<a class=\"e-gallery-item elementor-gallery-item elementor-animated-content\" href=\"https:\/\/niglo-design.fr\/wp-content\/uploads\/2026\/01\/hollywood-30s-scaled.jpg\" data-elementor-open-lightbox=\"yes\" data-elementor-lightbox-slideshow=\"90cad96\" data-elementor-lightbox-title=\"hollywood 30&#039;s\" data-e-action-hash=\"#elementor-action%3Aaction%3Dlightbox%26settings%3DeyJpZCI6ODM3LCJ1cmwiOiJodHRwczpcL1wvbmlnbG8tZGVzaWduLmZyXC93cC1jb250ZW50XC91cGxvYWRzXC8yMDI2XC8wMVwvaG9sbHl3b29kLTMwcy1zY2FsZWQuanBnIiwic2xpZGVzaG93IjoiOTBjYWQ5NiJ9\">\n\t\t\t\t\t<div class=\"e-gallery-image elementor-gallery-item__image\" data-thumbnail=\"https:\/\/niglo-design.fr\/wp-content\/uploads\/2026\/01\/hollywood-30s-768x1010.jpg\" data-width=\"768\" data-height=\"1010\" aria-label=\"\" role=\"img\" ><\/div>\n\t\t\t\t\t\t\t\t\t\t\t<div class=\"elementor-gallery-item__overlay\"><\/div>\n\t\t\t\t\t\t\t\t\t\t\t\t\t\t<\/a>\n\t\t\t\t\t\t\t<a class=\"e-gallery-item elementor-gallery-item elementor-animated-content\" href=\"https:\/\/niglo-design.fr\/wp-content\/uploads\/2026\/01\/Encatada-scaled.jpg\" data-elementor-open-lightbox=\"yes\" data-elementor-lightbox-slideshow=\"90cad96\" data-elementor-lightbox-title=\"Encatado\" data-e-action-hash=\"#elementor-action%3Aaction%3Dlightbox%26settings%3DeyJpZCI6ODM1LCJ1cmwiOiJodHRwczpcL1wvbmlnbG8tZGVzaWduLmZyXC93cC1jb250ZW50XC91cGxvYWRzXC8yMDI2XC8wMVwvRW5jYXRhZGEtc2NhbGVkLmpwZyIsInNsaWRlc2hvdyI6IjkwY2FkOTYifQ%3D%3D\">\n\t\t\t\t\t<div class=\"e-gallery-image elementor-gallery-item__image\" data-thumbnail=\"https:\/\/niglo-design.fr\/wp-content\/uploads\/2026\/01\/Encatada-scaled.jpg\" data-width=\"768\" data-height=\"1086\" aria-label=\"\" role=\"img\" ><\/div>\n\t\t\t\t\t\t\t\t\t\t\t<div class=\"elementor-gallery-item__overlay\"><\/div>\n\t\t\t\t\t\t\t\t\t\t\t\t\t\t<\/a>\n\t\t\t\t\t\t\t<a class=\"e-gallery-item elementor-gallery-item elementor-animated-content\" href=\"https:\/\/niglo-design.fr\/wp-content\/uploads\/2026\/01\/Butterfly-scaled.jpg\" data-elementor-open-lightbox=\"yes\" data-elementor-lightbox-slideshow=\"90cad96\" data-elementor-lightbox-title=\"Butterfly\" data-e-action-hash=\"#elementor-action%3Aaction%3Dlightbox%26settings%3DeyJpZCI6ODMyLCJ1cmwiOiJodHRwczpcL1wvbmlnbG8tZGVzaWduLmZyXC93cC1jb250ZW50XC91cGxvYWRzXC8yMDI2XC8wMVwvQnV0dGVyZmx5LXNjYWxlZC5qcGciLCJzbGlkZXNob3ciOiI5MGNhZDk2In0%3D\">\n\t\t\t\t\t<div class=\"e-gallery-image elementor-gallery-item__image\" data-thumbnail=\"https:\/\/niglo-design.fr\/wp-content\/uploads\/2026\/01\/Butterfly-scaled.jpg\" data-width=\"768\" data-height=\"984\" aria-label=\"\" role=\"img\" ><\/div>\n\t\t\t\t\t\t\t\t\t\t\t<div class=\"elementor-gallery-item__overlay\"><\/div>\n\t\t\t\t\t\t\t\t\t\t\t\t\t\t<\/a>\n\t\t\t\t\t\t\t<a class=\"e-gallery-item elementor-gallery-item elementor-animated-content\" href=\"https:\/\/niglo-design.fr\/wp-content\/uploads\/2026\/01\/Lilly-scaled.jpg\" data-elementor-open-lightbox=\"yes\" data-elementor-lightbox-slideshow=\"90cad96\" data-elementor-lightbox-title=\"Jungle of Lilly-C\" data-e-action-hash=\"#elementor-action%3Aaction%3Dlightbox%26settings%3DeyJpZCI6ODM5LCJ1cmwiOiJodHRwczpcL1wvbmlnbG8tZGVzaWduLmZyXC93cC1jb250ZW50XC91cGxvYWRzXC8yMDI2XC8wMVwvTGlsbHktc2NhbGVkLmpwZyIsInNsaWRlc2hvdyI6IjkwY2FkOTYifQ%3D%3D\">\n\t\t\t\t\t<div class=\"e-gallery-image elementor-gallery-item__image\" data-thumbnail=\"https:\/\/niglo-design.fr\/wp-content\/uploads\/2026\/01\/Lilly-scaled.jpg\" data-width=\"768\" data-height=\"1034\" aria-label=\"\" role=\"img\" ><\/div>\n\t\t\t\t\t\t\t\t\t\t\t<div class=\"elementor-gallery-item__overlay\"><\/div>\n\t\t\t\t\t\t\t\t\t\t\t\t\t\t<\/a>\n\t\t\t\t\t\t\t<a class=\"e-gallery-item elementor-gallery-item elementor-animated-content\" href=\"https:\/\/niglo-design.fr\/wp-content\/uploads\/2026\/01\/Flower-Eyes.jpg\" data-elementor-open-lightbox=\"yes\" data-elementor-lightbox-slideshow=\"90cad96\" data-elementor-lightbox-title=\"Floxers-Eyes\" data-e-action-hash=\"#elementor-action%3Aaction%3Dlightbox%26settings%3DeyJpZCI6ODM2LCJ1cmwiOiJodHRwczpcL1wvbmlnbG8tZGVzaWduLmZyXC93cC1jb250ZW50XC91cGxvYWRzXC8yMDI2XC8wMVwvRmxvd2VyLUV5ZXMuanBnIiwic2xpZGVzaG93IjoiOTBjYWQ5NiJ9\">\n\t\t\t\t\t<div class=\"e-gallery-image elementor-gallery-item__image\" data-thumbnail=\"https:\/\/niglo-design.fr\/wp-content\/uploads\/2026\/01\/Flower-Eyes.jpg\" data-width=\"1\" data-height=\"1\" aria-label=\"\" role=\"img\" ><\/div>\n\t\t\t\t\t\t\t\t\t\t\t<div class=\"elementor-gallery-item__overlay\"><\/div>\n\t\t\t\t\t\t\t\t\t\t\t\t\t\t<\/a>\n\t\t\t\t\t\t\t<a class=\"e-gallery-item elementor-gallery-item elementor-animated-content\" href=\"https:\/\/niglo-design.fr\/wp-content\/uploads\/2026\/01\/Mona-scaled.jpg\" data-elementor-open-lightbox=\"yes\" data-elementor-lightbox-slideshow=\"90cad96\" data-elementor-lightbox-title=\"Mona\" data-e-action-hash=\"#elementor-action%3Aaction%3Dlightbox%26settings%3DeyJpZCI6ODQxLCJ1cmwiOiJodHRwczpcL1wvbmlnbG8tZGVzaWduLmZyXC93cC1jb250ZW50XC91cGxvYWRzXC8yMDI2XC8wMVwvTW9uYS1zY2FsZWQuanBnIiwic2xpZGVzaG93IjoiOTBjYWQ5NiJ9\">\n\t\t\t\t\t<div class=\"e-gallery-image elementor-gallery-item__image\" data-thumbnail=\"https:\/\/niglo-design.fr\/wp-content\/uploads\/2026\/01\/Mona-768x441.jpg\" data-width=\"768\" data-height=\"441\" aria-label=\"\" role=\"img\" ><\/div>\n\t\t\t\t\t\t\t\t\t\t\t<div class=\"elementor-gallery-item__overlay\"><\/div>\n\t\t\t\t\t\t\t\t\t\t\t\t\t\t<\/a>\n\t\t\t\t\t\t\t<a class=\"e-gallery-item elementor-gallery-item elementor-animated-content\" href=\"https:\/\/niglo-design.fr\/wp-content\/uploads\/2026\/01\/Lo-Draco-scaled.jpg\" data-elementor-open-lightbox=\"yes\" data-elementor-lightbox-slideshow=\"90cad96\" data-elementor-lightbox-title=\"Lo Draco\" data-e-action-hash=\"#elementor-action%3Aaction%3Dlightbox%26settings%3DeyJpZCI6ODQwLCJ1cmwiOiJodHRwczpcL1wvbmlnbG8tZGVzaWduLmZyXC93cC1jb250ZW50XC91cGxvYWRzXC8yMDI2XC8wMVwvTG8tRHJhY28tc2NhbGVkLmpwZyIsInNsaWRlc2hvdyI6IjkwY2FkOTYifQ%3D%3D\">\n\t\t\t\t\t<div class=\"e-gallery-image elementor-gallery-item__image\" data-thumbnail=\"https:\/\/niglo-design.fr\/wp-content\/uploads\/2026\/01\/Lo-Draco-768x533.jpg\" data-width=\"768\" data-height=\"533\" aria-label=\"\" role=\"img\" ><\/div>\n\t\t\t\t\t\t\t\t\t\t\t<div class=\"elementor-gallery-item__overlay\"><\/div>\n\t\t\t\t\t\t\t\t\t\t\t\t\t\t<\/a>\n\t\t\t\t\t\t\t<a class=\"e-gallery-item elementor-gallery-item elementor-animated-content\" href=\"https:\/\/niglo-design.fr\/wp-content\/uploads\/2026\/01\/Draco-scaled.jpg\" data-elementor-open-lightbox=\"yes\" data-elementor-lightbox-slideshow=\"90cad96\" data-elementor-lightbox-title=\"Draco\" data-e-action-hash=\"#elementor-action%3Aaction%3Dlightbox%26settings%3DeyJpZCI6ODMzLCJ1cmwiOiJodHRwczpcL1wvbmlnbG8tZGVzaWduLmZyXC93cC1jb250ZW50XC91cGxvYWRzXC8yMDI2XC8wMVwvRHJhY28tc2NhbGVkLmpwZyIsInNsaWRlc2hvdyI6IjkwY2FkOTYifQ%3D%3D\">\n\t\t\t\t\t<div class=\"e-gallery-image elementor-gallery-item__image\" data-thumbnail=\"https:\/\/niglo-design.fr\/wp-content\/uploads\/2026\/01\/Draco-scaled.jpg\" data-width=\"768\" data-height=\"543\" aria-label=\"\" role=\"img\" ><\/div>\n\t\t\t\t\t\t\t\t\t\t\t<div class=\"elementor-gallery-item__overlay\"><\/div>\n\t\t\t\t\t\t\t\t\t\t\t\t\t\t<\/a>\n\t\t\t\t\t<\/div>\n\t\t\t\t\t<\/div>\n\t\t\t\t\t<\/div>\n\t\t\t\t<\/div>\n\t\t<div class=\"elementor-element elementor-element-e097edc e-flex e-con-boxed e-con e-parent\" data-id=\"e097edc\" data-element_type=\"container\" data-e-type=\"container\" data-settings=\"{&quot;background_background&quot;:&quot;classic&quot;}\">\n\t\t\t\t\t<div class=\"e-con-inner\">\n\t\t\t\t<div class=\"elementor-element elementor-element-03031f2 elementor-widget elementor-widget-text-editor\" data-id=\"03031f2\" data-element_type=\"widget\" data-e-type=\"widget\" data-widget_type=\"text-editor.default\">\n\t\t\t\t\t\t\t\t\t<p style=\"text-align: center;\"><em>N&rsquo;h\u00e9sitez pas \u00e0 me contacter pour discuter de vos projets et explorer comment je peux vous aider \u00e0 donner vie \u00e0 vos id\u00e9es !<\/em><\/p><p style=\"text-align: center;\"><em><strong>Merci de votre visite et confiance<\/strong><\/em><\/p><p style=\"text-align: center;\"><a href=\"https:\/\/niglo-design.fr\/index.php\/contact\/\"><strong>CONTACT<\/strong><\/a><\/p>\t\t\t\t\t\t\t\t<\/div>\n\t\t\t\t\t<\/div>\n\t\t\t\t<\/div>\n\t\t\t\t<\/div>\n\t\t","protected":false},"excerpt":{"rendered":"<p>Portrait N&rsquo;h\u00e9sitez pas \u00e0 me contacter pour discuter de vos projets et explorer comment je peux vous aider \u00e0 donner [&hellip;]<\/p>\n","protected":false},"author":1,"featured_media":0,"parent":0,"menu_order":0,"comment_status":"closed","ping_status":"closed","template":"","meta":{"site-sidebar-layout":"no-sidebar","site-content-layout":"","ast-site-content-layout":"full-width-container","site-content-style":"default","site-sidebar-style":"default","ast-global-header-display":"","ast-banner-title-visibility":"","ast-main-header-display":"","ast-hfb-above-header-display":"","ast-hfb-below-header-display":"","ast-hfb-mobile-header-display":"","site-post-title":"disabled","ast-breadcrumbs-content":"","ast-featured-img":"disabled","footer-sml-layout":"","ast-disable-related-posts":"","theme-transparent-header-meta":"","adv-header-id-meta":"","stick-header-meta":"","header-above-stick-meta":"","header-main-stick-meta":"","header-below-stick-meta":"","astra-migrate-meta-layouts":"default","ast-page-background-enabled":"default","ast-page-background-meta":{"desktop":{"background-color":"var(--ast-global-color-5)","background-image":"","background-repeat":"repeat","background-position":"center center","background-size":"auto","background-attachment":"scroll","background-type":"","background-media":"","overlay-type":"","overlay-color":"","overlay-opacity":"","overlay-gradient":""},"tablet":{"background-color":"","background-image":"","background-repeat":"repeat","background-position":"center center","background-size":"auto","background-attachment":"scroll","background-type":"","background-media":"","overlay-type":"","overlay-color":"","overlay-opacity":"","overlay-gradient":""},"mobile":{"background-color":"","background-image":"","background-repeat":"repeat","background-position":"center center","background-size":"auto","background-attachment":"scroll","background-type":"","background-media":"","overlay-type":"","overlay-color":"","overlay-opacity":"","overlay-gradient":""}},"ast-content-background-meta":{"desktop":{"background-color":"var(--ast-global-color-4)","background-image":"","background-repeat":"repeat","background-position":"center center","background-size":"auto","background-attachment":"scroll","background-type":"","background-media":"","overlay-type":"","overlay-color":"","overlay-opacity":"","overlay-gradient":""},"tablet":{"background-color":"var(--ast-global-color-4)","background-image":"","background-repeat":"repeat","background-position":"center center","background-size":"auto","background-attachment":"scroll","background-type":"","background-media":"","overlay-type":"","overlay-color":"","overlay-opacity":"","overlay-gradient":""},"mobile":{"background-color":"var(--ast-global-color-4)","background-image":"","background-repeat":"repeat","background-position":"center center","background-size":"auto","background-attachment":"scroll","background-type":"","background-media":"","overlay-type":"","overlay-color":"","overlay-opacity":"","overlay-gradient":""}},"footnotes":""},"class_list":["post-395","page","type-page","status-publish","hentry"],"_links":{"self":[{"href":"https:\/\/niglo-design.fr\/index.php\/wp-json\/wp\/v2\/pages\/395","targetHints":{"allow":["GET"]}}],"collection":[{"href":"https:\/\/niglo-design.fr\/index.php\/wp-json\/wp\/v2\/pages"}],"about":[{"href":"https:\/\/niglo-design.fr\/index.php\/wp-json\/wp\/v2\/types\/page"}],"author":[{"embeddable":true,"href":"https:\/\/niglo-design.fr\/index.php\/wp-json\/wp\/v2\/users\/1"}],"replies":[{"embeddable":true,"href":"https:\/\/niglo-design.fr\/index.php\/wp-json\/wp\/v2\/comments?post=395"}],"version-history":[{"count":162,"href":"https:\/\/niglo-design.fr\/index.php\/wp-json\/wp\/v2\/pages\/395\/revisions"}],"predecessor-version":[{"id":2570,"href":"https:\/\/niglo-design.fr\/index.php\/wp-json\/wp\/v2\/pages\/395\/revisions\/2570"}],"wp:attachment":[{"href":"https:\/\/niglo-design.fr\/index.php\/wp-json\/wp\/v2\/media?parent=395"}],"curies":[{"name":"wp","href":"https:\/\/api.w.org\/{rel}","templated":true}]}}