{"id":392,"date":"2025-10-27T19:45:41","date_gmt":"2025-10-27T19:45:41","guid":{"rendered":"https:\/\/niglo-design.fr\/?page_id=392"},"modified":"2026-03-17T18:24:40","modified_gmt":"2026-03-17T18:24:40","slug":"creations","status":"publish","type":"page","link":"https:\/\/niglo-design.fr\/index.php\/creations\/","title":{"rendered":"Cr\u00e9ations"},"content":{"rendered":"\t\t<div data-elementor-type=\"wp-page\" data-elementor-id=\"392\" class=\"elementor elementor-392\" data-elementor-post-type=\"page\">\n\t\t\t\t<div class=\"elementor-element elementor-element-cc185cc e-flex e-con-boxed e-con e-parent\" data-id=\"cc185cc\" data-element_type=\"container\" data-e-type=\"container\" data-settings=\"{&quot;background_background&quot;:&quot;gradient&quot;}\">\n\t\t\t\t\t<div class=\"e-con-inner\">\n\t\t\t\t<div class=\"elementor-element elementor-element-c185ec8 elementor-widget elementor-widget-heading\" data-id=\"c185ec8\" data-element_type=\"widget\" data-e-type=\"widget\" data-widget_type=\"heading.default\">\n\t\t\t\t\t<h2 class=\"elementor-heading-title elementor-size-default\">Cr\u00e9ations<\/h2>\t\t\t\t<\/div>\n\t\t\t\t<div class=\"elementor-element elementor-element-9c576bd elementor-drop-cap-yes elementor-drop-cap-view-default elementor-widget elementor-widget-text-editor\" data-id=\"9c576bd\" data-element_type=\"widget\" data-e-type=\"widget\" data-settings=\"{&quot;drop_cap&quot;:&quot;yes&quot;}\" data-widget_type=\"text-editor.default\">\n\t\t\t\t\t\t\t\t\t<p>La partie <strong>\u00ab\u00a0CR\u00c9ATIONS\u00a0\u00bb<\/strong> regroupe l&rsquo;ensemble des galeries (que vous avez en sous-menus), assembl\u00e9es par th\u00e9matiques plut\u00f4t que par ordre chronologique. Si vous voulez comprendre mon approche artistique, vous en aurez les d\u00e9tails sur la page <strong>\u00ab\u00a0\u00c0 propos\u00a0\u00bb<\/strong>. Vous avez aussi le blog o\u00f9 je vous fais part de mes diff\u00e9rentes r\u00e9flexions. Sur cette page, j&rsquo;y joins une galerie montrant certains travaux et diff\u00e9rentes approches, que ce soit des cr\u00e9ations originales, enti\u00e8rement num\u00e9riques (comme les Pods), ou un m\u00e9lange de toutes ces techniques.<\/p><p><em>Bonnes visualisations.<\/em><\/p><p><em>Fr\u00e9d\u00e9ric Fouch\u00e9<\/em><\/p>\t\t\t\t\t\t\t\t<\/div>\n\t\t\t\t\t<\/div>\n\t\t\t\t<\/div>\n\t\t<div class=\"elementor-element elementor-element-d44df9a e-flex e-con-boxed e-con e-parent\" data-id=\"d44df9a\" data-element_type=\"container\" data-e-type=\"container\" data-settings=\"{&quot;background_background&quot;:&quot;classic&quot;}\">\n\t\t\t\t\t<div class=\"e-con-inner\">\n\t\t\t\t<div class=\"elementor-element elementor-element-21267f0 elementor-widget elementor-widget-gallery\" data-id=\"21267f0\" data-element_type=\"widget\" data-e-type=\"widget\" data-settings=\"{&quot;gap&quot;:{&quot;unit&quot;:&quot;px&quot;,&quot;size&quot;:3,&quot;sizes&quot;:[]},&quot;aspect_ratio&quot;:&quot;16:9&quot;,&quot;lazyload&quot;:&quot;yes&quot;,&quot;gallery_layout&quot;:&quot;grid&quot;,&quot;columns&quot;:4,&quot;columns_tablet&quot;:2,&quot;columns_mobile&quot;:1,&quot;gap_tablet&quot;:{&quot;unit&quot;:&quot;px&quot;,&quot;size&quot;:10,&quot;sizes&quot;:[]},&quot;gap_mobile&quot;:{&quot;unit&quot;:&quot;px&quot;,&quot;size&quot;:10,&quot;sizes&quot;:[]},&quot;link_to&quot;:&quot;file&quot;,&quot;overlay_background&quot;:&quot;yes&quot;,&quot;content_hover_animation&quot;:&quot;fade-in&quot;}\" data-widget_type=\"gallery.default\">\n\t\t\t\t\t\t\t<div class=\"elementor-gallery__container\">\n\t\t\t\t\t\t\t<a class=\"e-gallery-item elementor-gallery-item elementor-animated-content\" href=\"https:\/\/niglo-design.fr\/wp-content\/uploads\/2026\/01\/Sage-sur-huile-.jpg\" data-elementor-open-lightbox=\"yes\" data-elementor-lightbox-slideshow=\"21267f0\" data-elementor-lightbox-title=\"Sage ( sur huile )\" data-e-action-hash=\"#elementor-action%3Aaction%3Dlightbox%26settings%3DeyJpZCI6MTAyMSwidXJsIjoiaHR0cHM6XC9cL25pZ2xvLWRlc2lnbi5mclwvd3AtY29udGVudFwvdXBsb2Fkc1wvMjAyNlwvMDFcL1NhZ2Utc3VyLWh1aWxlLS5qcGciLCJzbGlkZXNob3ciOiIyMTI2N2YwIn0%3D\">\n\t\t\t\t\t<div class=\"e-gallery-image elementor-gallery-item__image\" data-thumbnail=\"https:\/\/niglo-design.fr\/wp-content\/uploads\/2026\/01\/Sage-sur-huile--768x1024.jpg\" data-width=\"768\" data-height=\"1024\" aria-label=\"Sage ( sur huile )\" role=\"img\" ><\/div>\n\t\t\t\t\t\t\t\t\t\t\t<div class=\"elementor-gallery-item__overlay\"><\/div>\n\t\t\t\t\t\t\t\t\t\t\t\t\t\t<\/a>\n\t\t\t\t\t\t\t<a class=\"e-gallery-item elementor-gallery-item elementor-animated-content\" href=\"https:\/\/niglo-design.fr\/wp-content\/uploads\/2026\/01\/regard-en-boucle.jpg\" data-elementor-open-lightbox=\"yes\" data-elementor-lightbox-slideshow=\"21267f0\" data-elementor-lightbox-title=\"regard en boucle\" data-e-action-hash=\"#elementor-action%3Aaction%3Dlightbox%26settings%3DeyJpZCI6MTAyMCwidXJsIjoiaHR0cHM6XC9cL25pZ2xvLWRlc2lnbi5mclwvd3AtY29udGVudFwvdXBsb2Fkc1wvMjAyNlwvMDFcL3JlZ2FyZC1lbi1ib3VjbGUuanBnIiwic2xpZGVzaG93IjoiMjEyNjdmMCJ9\">\n\t\t\t\t\t<div class=\"e-gallery-image elementor-gallery-item__image\" data-thumbnail=\"https:\/\/niglo-design.fr\/wp-content\/uploads\/2026\/01\/regard-en-boucle-768x576.jpg\" data-width=\"768\" data-height=\"576\" aria-label=\"regard en boucle\" role=\"img\" ><\/div>\n\t\t\t\t\t\t\t\t\t\t\t<div class=\"elementor-gallery-item__overlay\"><\/div>\n\t\t\t\t\t\t\t\t\t\t\t\t\t\t<\/a>\n\t\t\t\t\t\t\t<a class=\"e-gallery-item elementor-gallery-item elementor-animated-content\" href=\"https:\/\/niglo-design.fr\/wp-content\/uploads\/2026\/01\/Recoltes.jpg\" data-elementor-open-lightbox=\"yes\" data-elementor-lightbox-slideshow=\"21267f0\" data-elementor-lightbox-title=\"R\u00e9coltes\" data-e-action-hash=\"#elementor-action%3Aaction%3Dlightbox%26settings%3DeyJpZCI6MTAxOSwidXJsIjoiaHR0cHM6XC9cL25pZ2xvLWRlc2lnbi5mclwvd3AtY29udGVudFwvdXBsb2Fkc1wvMjAyNlwvMDFcL1JlY29sdGVzLmpwZyIsInNsaWRlc2hvdyI6IjIxMjY3ZjAifQ%3D%3D\">\n\t\t\t\t\t<div class=\"e-gallery-image elementor-gallery-item__image\" data-thumbnail=\"https:\/\/niglo-design.fr\/wp-content\/uploads\/2026\/01\/Recoltes-768x576.jpg\" data-width=\"768\" data-height=\"576\" aria-label=\"R\u00e9coltes\" role=\"img\" ><\/div>\n\t\t\t\t\t\t\t\t\t\t\t<div class=\"elementor-gallery-item__overlay\"><\/div>\n\t\t\t\t\t\t\t\t\t\t\t\t\t\t<\/a>\n\t\t\t\t\t\t\t<a class=\"e-gallery-item elementor-gallery-item elementor-animated-content\" href=\"https:\/\/niglo-design.fr\/wp-content\/uploads\/2026\/01\/lenvole.jpg\" data-elementor-open-lightbox=\"yes\" data-elementor-lightbox-slideshow=\"21267f0\" data-elementor-lightbox-title=\"l&#039;envole\" data-e-action-hash=\"#elementor-action%3Aaction%3Dlightbox%26settings%3DeyJpZCI6MTAxNCwidXJsIjoiaHR0cHM6XC9cL25pZ2xvLWRlc2lnbi5mclwvd3AtY29udGVudFwvdXBsb2Fkc1wvMjAyNlwvMDFcL2xlbnZvbGUuanBnIiwic2xpZGVzaG93IjoiMjEyNjdmMCJ9\">\n\t\t\t\t\t<div class=\"e-gallery-image elementor-gallery-item__image\" data-thumbnail=\"https:\/\/niglo-design.fr\/wp-content\/uploads\/2026\/01\/lenvole-768x576.jpg\" data-width=\"768\" data-height=\"576\" aria-label=\"l&#039;envole\" role=\"img\" ><\/div>\n\t\t\t\t\t\t\t\t\t\t\t<div class=\"elementor-gallery-item__overlay\"><\/div>\n\t\t\t\t\t\t\t\t\t\t\t\t\t\t<\/a>\n\t\t\t\t\t\t\t<a class=\"e-gallery-item elementor-gallery-item elementor-animated-content\" href=\"https:\/\/niglo-design.fr\/wp-content\/uploads\/2026\/01\/Discussions.jpg\" data-elementor-open-lightbox=\"yes\" data-elementor-lightbox-slideshow=\"21267f0\" data-elementor-lightbox-title=\"Discussions\" data-e-action-hash=\"#elementor-action%3Aaction%3Dlightbox%26settings%3DeyJpZCI6MTAxMiwidXJsIjoiaHR0cHM6XC9cL25pZ2xvLWRlc2lnbi5mclwvd3AtY29udGVudFwvdXBsb2Fkc1wvMjAyNlwvMDFcL0Rpc2N1c3Npb25zLmpwZyIsInNsaWRlc2hvdyI6IjIxMjY3ZjAifQ%3D%3D\">\n\t\t\t\t\t<div class=\"e-gallery-image elementor-gallery-item__image\" data-thumbnail=\"https:\/\/niglo-design.fr\/wp-content\/uploads\/2026\/01\/Discussions-768x576.jpg\" data-width=\"768\" data-height=\"576\" aria-label=\"Discussions\" role=\"img\" ><\/div>\n\t\t\t\t\t\t\t\t\t\t\t<div class=\"elementor-gallery-item__overlay\"><\/div>\n\t\t\t\t\t\t\t\t\t\t\t\t\t\t<\/a>\n\t\t\t\t\t\t\t<a class=\"e-gallery-item elementor-gallery-item elementor-animated-content\" href=\"https:\/\/niglo-design.fr\/wp-content\/uploads\/2026\/01\/Discussion-numerique-scaled.jpg\" data-elementor-open-lightbox=\"yes\" data-elementor-lightbox-slideshow=\"21267f0\" data-elementor-lightbox-title=\"Discussion numerique\" data-e-action-hash=\"#elementor-action%3Aaction%3Dlightbox%26settings%3DeyJpZCI6MTAxMSwidXJsIjoiaHR0cHM6XC9cL25pZ2xvLWRlc2lnbi5mclwvd3AtY29udGVudFwvdXBsb2Fkc1wvMjAyNlwvMDFcL0Rpc2N1c3Npb24tbnVtZXJpcXVlLXNjYWxlZC5qcGciLCJzbGlkZXNob3ciOiIyMTI2N2YwIn0%3D\">\n\t\t\t\t\t<div class=\"e-gallery-image elementor-gallery-item__image\" data-thumbnail=\"https:\/\/niglo-design.fr\/wp-content\/uploads\/2026\/01\/Discussion-numerique-scaled.jpg\" data-width=\"768\" data-height=\"1086\" aria-label=\"Discussion numerique\" role=\"img\" ><\/div>\n\t\t\t\t\t\t\t\t\t\t\t<div class=\"elementor-gallery-item__overlay\"><\/div>\n\t\t\t\t\t\t\t\t\t\t\t\t\t\t<\/a>\n\t\t\t\t\t\t\t<a class=\"e-gallery-item elementor-gallery-item elementor-animated-content\" href=\"https:\/\/niglo-design.fr\/wp-content\/uploads\/2026\/01\/paysage.jpg\" data-elementor-open-lightbox=\"yes\" data-elementor-lightbox-slideshow=\"21267f0\" data-elementor-lightbox-title=\"paysage\" data-e-action-hash=\"#elementor-action%3Aaction%3Dlightbox%26settings%3DeyJpZCI6MTAxNywidXJsIjoiaHR0cHM6XC9cL25pZ2xvLWRlc2lnbi5mclwvd3AtY29udGVudFwvdXBsb2Fkc1wvMjAyNlwvMDFcL3BheXNhZ2UuanBnIiwic2xpZGVzaG93IjoiMjEyNjdmMCJ9\">\n\t\t\t\t\t<div class=\"e-gallery-image elementor-gallery-item__image\" data-thumbnail=\"https:\/\/niglo-design.fr\/wp-content\/uploads\/2026\/01\/paysage-768x512.jpg\" data-width=\"768\" data-height=\"512\" aria-label=\"paysage\" role=\"img\" ><\/div>\n\t\t\t\t\t\t\t\t\t\t\t<div class=\"elementor-gallery-item__overlay\"><\/div>\n\t\t\t\t\t\t\t\t\t\t\t\t\t\t<\/a>\n\t\t\t\t\t\t\t<a class=\"e-gallery-item elementor-gallery-item elementor-animated-content\" href=\"https:\/\/niglo-design.fr\/wp-content\/uploads\/2026\/01\/Organic-meca-scaled.jpg\" data-elementor-open-lightbox=\"yes\" data-elementor-lightbox-slideshow=\"21267f0\" data-elementor-lightbox-title=\"Organic-meca\" data-e-action-hash=\"#elementor-action%3Aaction%3Dlightbox%26settings%3DeyJpZCI6MTAxNiwidXJsIjoiaHR0cHM6XC9cL25pZ2xvLWRlc2lnbi5mclwvd3AtY29udGVudFwvdXBsb2Fkc1wvMjAyNlwvMDFcL09yZ2FuaWMtbWVjYS1zY2FsZWQuanBnIiwic2xpZGVzaG93IjoiMjEyNjdmMCJ9\">\n\t\t\t\t\t<div class=\"e-gallery-image elementor-gallery-item__image\" data-thumbnail=\"https:\/\/niglo-design.fr\/wp-content\/uploads\/2026\/01\/Organic-meca-768x541.jpg\" data-width=\"768\" data-height=\"541\" aria-label=\"Organic-meca\" role=\"img\" ><\/div>\n\t\t\t\t\t\t\t\t\t\t\t<div class=\"elementor-gallery-item__overlay\"><\/div>\n\t\t\t\t\t\t\t\t\t\t\t\t\t\t<\/a>\n\t\t\t\t\t\t\t<a class=\"e-gallery-item elementor-gallery-item elementor-animated-content\" href=\"https:\/\/niglo-design.fr\/wp-content\/uploads\/2026\/01\/As-haert.jpg\" data-elementor-open-lightbox=\"yes\" data-elementor-lightbox-slideshow=\"21267f0\" data-elementor-lightbox-title=\"As haert\" data-e-action-hash=\"#elementor-action%3Aaction%3Dlightbox%26settings%3DeyJpZCI6MTAxMCwidXJsIjoiaHR0cHM6XC9cL25pZ2xvLWRlc2lnbi5mclwvd3AtY29udGVudFwvdXBsb2Fkc1wvMjAyNlwvMDFcL0FzLWhhZXJ0LmpwZyIsInNsaWRlc2hvdyI6IjIxMjY3ZjAifQ%3D%3D\">\n\t\t\t\t\t<div class=\"e-gallery-image elementor-gallery-item__image\" data-thumbnail=\"https:\/\/niglo-design.fr\/wp-content\/uploads\/2026\/01\/As-haert.jpg\" data-width=\"709\" data-height=\"886\" aria-label=\"As haert\" role=\"img\" ><\/div>\n\t\t\t\t\t\t\t\t\t\t\t<div class=\"elementor-gallery-item__overlay\"><\/div>\n\t\t\t\t\t\t\t\t\t\t\t\t\t\t<\/a>\n\t\t\t\t\t\t\t<a class=\"e-gallery-item elementor-gallery-item elementor-animated-content\" href=\"https:\/\/niglo-design.fr\/wp-content\/uploads\/2026\/01\/Mecanique-du-coeur4-scaled.jpg\" data-elementor-open-lightbox=\"yes\" data-elementor-lightbox-slideshow=\"21267f0\" data-elementor-lightbox-title=\"La M\u00e9canique-du-coeur\" data-e-action-hash=\"#elementor-action%3Aaction%3Dlightbox%26settings%3DeyJpZCI6MTAxNSwidXJsIjoiaHR0cHM6XC9cL25pZ2xvLWRlc2lnbi5mclwvd3AtY29udGVudFwvdXBsb2Fkc1wvMjAyNlwvMDFcL01lY2FuaXF1ZS1kdS1jb2V1cjQtc2NhbGVkLmpwZyIsInNsaWRlc2hvdyI6IjIxMjY3ZjAifQ%3D%3D\">\n\t\t\t\t\t<div class=\"e-gallery-image elementor-gallery-item__image\" data-thumbnail=\"https:\/\/niglo-design.fr\/wp-content\/uploads\/2026\/01\/Mecanique-du-coeur4-scaled.jpg\" data-width=\"768\" data-height=\"614\" aria-label=\"\" role=\"img\" ><\/div>\n\t\t\t\t\t\t\t\t\t\t\t<div class=\"elementor-gallery-item__overlay\"><\/div>\n\t\t\t\t\t\t\t\t\t\t\t\t\t\t<\/a>\n\t\t\t\t\t\t\t<a class=\"e-gallery-item elementor-gallery-item elementor-animated-content\" href=\"https:\/\/niglo-design.fr\/wp-content\/uploads\/2026\/01\/Anoupod.jpg\" data-elementor-open-lightbox=\"yes\" data-elementor-lightbox-slideshow=\"21267f0\" data-elementor-lightbox-title=\"Anoupod\" data-e-action-hash=\"#elementor-action%3Aaction%3Dlightbox%26settings%3DeyJpZCI6MTAwOSwidXJsIjoiaHR0cHM6XC9cL25pZ2xvLWRlc2lnbi5mclwvd3AtY29udGVudFwvdXBsb2Fkc1wvMjAyNlwvMDFcL0Fub3Vwb2QuanBnIiwic2xpZGVzaG93IjoiMjEyNjdmMCJ9\">\n\t\t\t\t\t<div class=\"e-gallery-image elementor-gallery-item__image\" data-thumbnail=\"https:\/\/niglo-design.fr\/wp-content\/uploads\/2026\/01\/Anoupod-768x543.jpg\" data-width=\"768\" data-height=\"543\" aria-label=\"\" role=\"img\" ><\/div>\n\t\t\t\t\t\t\t\t\t\t\t<div class=\"elementor-gallery-item__overlay\"><\/div>\n\t\t\t\t\t\t\t\t\t\t\t\t\t\t<\/a>\n\t\t\t\t\t\t\t<a class=\"e-gallery-item elementor-gallery-item elementor-animated-content\" href=\"https:\/\/niglo-design.fr\/wp-content\/uploads\/2026\/01\/divineus-mirapech-scaled.jpg\" data-elementor-open-lightbox=\"yes\" data-elementor-lightbox-slideshow=\"21267f0\" data-elementor-lightbox-title=\"divineus mirapech\" data-e-action-hash=\"#elementor-action%3Aaction%3Dlightbox%26settings%3DeyJpZCI6MTAxMywidXJsIjoiaHR0cHM6XC9cL25pZ2xvLWRlc2lnbi5mclwvd3AtY29udGVudFwvdXBsb2Fkc1wvMjAyNlwvMDFcL2RpdmluZXVzLW1pcmFwZWNoLXNjYWxlZC5qcGciLCJzbGlkZXNob3ciOiIyMTI2N2YwIn0%3D\">\n\t\t\t\t\t<div class=\"e-gallery-image elementor-gallery-item__image\" data-thumbnail=\"https:\/\/niglo-design.fr\/wp-content\/uploads\/2026\/01\/divineus-mirapech-768x1056.jpg\" data-width=\"768\" data-height=\"1056\" aria-label=\"\" role=\"img\" ><\/div>\n\t\t\t\t\t\t\t\t\t\t\t<div class=\"elementor-gallery-item__overlay\"><\/div>\n\t\t\t\t\t\t\t\t\t\t\t\t\t\t<\/a>\n\t\t\t\t\t<\/div>\n\t\t\t\t\t<\/div>\n\t\t\t\t\t<\/div>\n\t\t\t\t<\/div>\n\t\t<div class=\"elementor-element elementor-element-1b63525 e-flex e-con-boxed e-con e-parent\" data-id=\"1b63525\" data-element_type=\"container\" data-e-type=\"container\">\n\t\t\t\t\t<div class=\"e-con-inner\">\n\t\t<div class=\"elementor-element elementor-element-f0d701f e-con-full e-flex e-con e-child\" data-id=\"f0d701f\" data-element_type=\"container\" data-e-type=\"container\" data-settings=\"{&quot;background_background&quot;:&quot;classic&quot;}\">\n\t\t\t\t<div class=\"elementor-element elementor-element-1bb453b elementor-widget elementor-widget-text-editor\" data-id=\"1bb453b\" data-element_type=\"widget\" data-e-type=\"widget\" data-widget_type=\"text-editor.default\">\n\t\t\t\t\t\t\t\t\t<p style=\"text-align: center;\"><em>N&rsquo;h\u00e9sitez pas \u00e0 me contacter pour discuter de vos projets et explorer comment je peux vous aider \u00e0 donner vie \u00e0 vos id\u00e9es !<\/em><\/p><p style=\"text-align: center;\"><em><strong>Merci de votre visite et confiance<\/strong><\/em><\/p><p style=\"text-align: center;\"><a href=\"https:\/\/niglo-design.fr\/index.php\/contact\/\"><strong>CONTACT<\/strong><\/a><\/p>\t\t\t\t\t\t\t\t<\/div>\n\t\t\t\t<\/div>\n\t\t\t\t\t<\/div>\n\t\t\t\t<\/div>\n\t\t\t\t<\/div>\n\t\t","protected":false},"excerpt":{"rendered":"<p>Cr\u00e9ations La partie \u00ab\u00a0CR\u00c9ATIONS\u00a0\u00bb regroupe l&rsquo;ensemble des galeries (que vous avez en sous-menus), assembl\u00e9es par th\u00e9matiques plut\u00f4t que par ordre [&hellip;]<\/p>\n","protected":false},"author":1,"featured_media":0,"parent":0,"menu_order":0,"comment_status":"closed","ping_status":"closed","template":"","meta":{"site-sidebar-layout":"no-sidebar","site-content-layout":"","ast-site-content-layout":"full-width-container","site-content-style":"default","site-sidebar-style":"default","ast-global-header-display":"","ast-banner-title-visibility":"","ast-main-header-display":"","ast-hfb-above-header-display":"","ast-hfb-below-header-display":"","ast-hfb-mobile-header-display":"","site-post-title":"disabled","ast-breadcrumbs-content":"","ast-featured-img":"disabled","footer-sml-layout":"","ast-disable-related-posts":"","theme-transparent-header-meta":"","adv-header-id-meta":"","stick-header-meta":"","header-above-stick-meta":"","header-main-stick-meta":"","header-below-stick-meta":"","astra-migrate-meta-layouts":"default","ast-page-background-enabled":"default","ast-page-background-meta":{"desktop":{"background-color":"var(--ast-global-color-5)","background-image":"","background-repeat":"repeat","background-position":"center center","background-size":"auto","background-attachment":"scroll","background-type":"","background-media":"","overlay-type":"","overlay-color":"","overlay-opacity":"","overlay-gradient":""},"tablet":{"background-color":"","background-image":"","background-repeat":"repeat","background-position":"center center","background-size":"auto","background-attachment":"scroll","background-type":"","background-media":"","overlay-type":"","overlay-color":"","overlay-opacity":"","overlay-gradient":""},"mobile":{"background-color":"","background-image":"","background-repeat":"repeat","background-position":"center center","background-size":"auto","background-attachment":"scroll","background-type":"","background-media":"","overlay-type":"","overlay-color":"","overlay-opacity":"","overlay-gradient":""}},"ast-content-background-meta":{"desktop":{"background-color":"var(--ast-global-color-4)","background-image":"","background-repeat":"repeat","background-position":"center center","background-size":"auto","background-attachment":"scroll","background-type":"","background-media":"","overlay-type":"","overlay-color":"","overlay-opacity":"","overlay-gradient":""},"tablet":{"background-color":"var(--ast-global-color-4)","background-image":"","background-repeat":"repeat","background-position":"center center","background-size":"auto","background-attachment":"scroll","background-type":"","background-media":"","overlay-type":"","overlay-color":"","overlay-opacity":"","overlay-gradient":""},"mobile":{"background-color":"var(--ast-global-color-4)","background-image":"","background-repeat":"repeat","background-position":"center center","background-size":"auto","background-attachment":"scroll","background-type":"","background-media":"","overlay-type":"","overlay-color":"","overlay-opacity":"","overlay-gradient":""}},"footnotes":""},"class_list":["post-392","page","type-page","status-publish","hentry"],"_links":{"self":[{"href":"https:\/\/niglo-design.fr\/index.php\/wp-json\/wp\/v2\/pages\/392","targetHints":{"allow":["GET"]}}],"collection":[{"href":"https:\/\/niglo-design.fr\/index.php\/wp-json\/wp\/v2\/pages"}],"about":[{"href":"https:\/\/niglo-design.fr\/index.php\/wp-json\/wp\/v2\/types\/page"}],"author":[{"embeddable":true,"href":"https:\/\/niglo-design.fr\/index.php\/wp-json\/wp\/v2\/users\/1"}],"replies":[{"embeddable":true,"href":"https:\/\/niglo-design.fr\/index.php\/wp-json\/wp\/v2\/comments?post=392"}],"version-history":[{"count":135,"href":"https:\/\/niglo-design.fr\/index.php\/wp-json\/wp\/v2\/pages\/392\/revisions"}],"predecessor-version":[{"id":2529,"href":"https:\/\/niglo-design.fr\/index.php\/wp-json\/wp\/v2\/pages\/392\/revisions\/2529"}],"wp:attachment":[{"href":"https:\/\/niglo-design.fr\/index.php\/wp-json\/wp\/v2\/media?parent=392"}],"curies":[{"name":"wp","href":"https:\/\/api.w.org\/{rel}","templated":true}]}}