{"id":36,"date":"2025-10-21T07:42:02","date_gmt":"2025-10-21T07:42:02","guid":{"rendered":"https:\/\/niglo-design.fr\/?page_id=36"},"modified":"2026-03-17T17:52:10","modified_gmt":"2026-03-17T17:52:10","slug":"accueil","status":"publish","type":"page","link":"https:\/\/niglo-design.fr\/","title":{"rendered":"Accueil"},"content":{"rendered":"\t\t<div data-elementor-type=\"wp-page\" data-elementor-id=\"36\" class=\"elementor elementor-36\" data-elementor-post-type=\"page\">\n\t\t\t\t<div class=\"elementor-element elementor-element-7d344ac e-flex e-con-boxed e-con e-parent\" data-id=\"7d344ac\" data-element_type=\"container\" data-e-type=\"container\" data-settings=\"{&quot;background_background&quot;:&quot;slideshow&quot;,&quot;background_slideshow_gallery&quot;:[{&quot;id&quot;:865,&quot;url&quot;:&quot;https:\\\/\\\/niglo-design.fr\\\/wp-content\\\/uploads\\\/2026\\\/01\\\/Intrigue-scaled.jpg&quot;},{&quot;id&quot;:871,&quot;url&quot;:&quot;https:\\\/\\\/niglo-design.fr\\\/wp-content\\\/uploads\\\/2026\\\/01\\\/Plenitude.jpg&quot;},{&quot;id&quot;:853,&quot;url&quot;:&quot;https:\\\/\\\/niglo-design.fr\\\/wp-content\\\/uploads\\\/2026\\\/01\\\/Barque-du-Temps.jpg&quot;},{&quot;id&quot;:868,&quot;url&quot;:&quot;https:\\\/\\\/niglo-design.fr\\\/wp-content\\\/uploads\\\/2026\\\/01\\\/Mont-Segur.jpg&quot;},{&quot;id&quot;:870,&quot;url&quot;:&quot;https:\\\/\\\/niglo-design.fr\\\/wp-content\\\/uploads\\\/2026\\\/01\\\/Pause.jpg&quot;},{&quot;id&quot;:861,&quot;url&quot;:&quot;https:\\\/\\\/niglo-design.fr\\\/wp-content\\\/uploads\\\/2026\\\/01\\\/Froid.jpg&quot;},{&quot;id&quot;:1019,&quot;url&quot;:&quot;https:\\\/\\\/niglo-design.fr\\\/wp-content\\\/uploads\\\/2026\\\/01\\\/Recoltes.jpg&quot;}],&quot;background_slideshow_ken_burns&quot;:&quot;yes&quot;,&quot;background_slideshow_loop&quot;:&quot;yes&quot;,&quot;background_slideshow_slide_duration&quot;:5000,&quot;background_slideshow_slide_transition&quot;:&quot;fade&quot;,&quot;background_slideshow_transition_duration&quot;:500,&quot;background_slideshow_ken_burns_zoom_direction&quot;:&quot;in&quot;}\">\n\t\t\t\t\t<div class=\"e-con-inner\">\n\t\t\t\t<div class=\"elementor-element elementor-element-e82afbb elementor-widget elementor-widget-heading\" data-id=\"e82afbb\" data-element_type=\"widget\" data-e-type=\"widget\" data-widget_type=\"heading.default\">\n\t\t\t\t\t<h2 class=\"elementor-heading-title elementor-size-default\">Graphisme Multim\u00e9dia \/ Arts Plastiques<\/h2>\t\t\t\t<\/div>\n\t\t\t\t<div class=\"elementor-element elementor-element-65c413f elementor-widget elementor-widget-heading\" data-id=\"65c413f\" data-element_type=\"widget\" data-e-type=\"widget\" data-widget_type=\"heading.default\">\n\t\t\t\t\t<h2 class=\"elementor-heading-title elementor-size-default\">Bienvenue<\/h2>\t\t\t\t<\/div>\n\t\t\t\t<div class=\"elementor-element elementor-element-295e25d elementor-widget elementor-widget-text-editor\" data-id=\"295e25d\" data-element_type=\"widget\" data-e-type=\"widget\" data-widget_type=\"text-editor.default\">\n\t\t\t\t\t\t\t\t\t<h2><em><strong>Site en CONSTRUCTION<\/strong><\/em><\/h2>\t\t\t\t\t\t\t\t<\/div>\n\t\t\t\t\t<\/div>\n\t\t\t\t<\/div>\n\t\t<div class=\"elementor-element elementor-element-8427770 e-flex e-con-boxed e-con e-parent\" data-id=\"8427770\" data-element_type=\"container\" data-e-type=\"container\" data-settings=\"{&quot;background_background&quot;:&quot;classic&quot;}\">\n\t\t\t\t\t<div class=\"e-con-inner\">\n\t\t<div class=\"elementor-element elementor-element-7f1cd84 e-con-full e-flex e-con e-child\" data-id=\"7f1cd84\" data-element_type=\"container\" data-e-type=\"container\">\n\t\t\t\t<div class=\"elementor-element elementor-element-b2f9feb elementor-widget elementor-widget-heading\" data-id=\"b2f9feb\" data-element_type=\"widget\" data-e-type=\"widget\" data-widget_type=\"heading.default\">\n\t\t\t\t\t<h2 class=\"elementor-heading-title elementor-size-default\">Graphismes<\/h2>\t\t\t\t<\/div>\n\t\t\t\t<div class=\"elementor-element elementor-element-9f1aacb elementor-widget elementor-widget-text-editor\" data-id=\"9f1aacb\" data-element_type=\"widget\" data-e-type=\"widget\" data-widget_type=\"text-editor.default\">\n\t\t\t\t\t\t\t\t\t<p><strong>Mes Services de Graphiste<\/strong><br \/><em>Une Expertise au Service de Vos Projets<\/em><\/p><p><strong>E<\/strong>n tant que graphiste multim\u00e9dias, je propose une gamme de services sur mesure pour r\u00e9pondre \u00e0 vos besoins cr\u00e9atifs. Que vous ayez besoin de mise en page, de maquettes, ou de cr\u00e9ations vari\u00e9es telles que des affiches et des flyers, je suis l\u00e0 pour transformer vos id\u00e9es en visuels percutants.<\/p><p><strong>Identit\u00e9 Visuelle<\/strong><\/p><p><strong>J<\/strong>e me sp\u00e9cialise \u00e9galement dans la cr\u00e9ation de logotypes uniques et personnalis\u00e9s, mettant en avant l&rsquo;essence de votre marque. Je favorise la la cr\u00e9ation de chartes graphiques compl\u00e8tes pour garantir une coh\u00e9rence visuelle sur tous vos supports. Si vous disposez d\u00e9j\u00e0 d&rsquo;une charte existante, je peux l&rsquo;appliquer avec soin et cr\u00e9ativit\u00e9, assurant ainsi une pr\u00e9sentation harmonieuse.<\/p>\t\t\t\t\t\t\t\t<\/div>\n\t\t\t\t<div class=\"elementor-element elementor-element-f476552 elementor-widget elementor-widget-heading\" data-id=\"f476552\" data-element_type=\"widget\" data-e-type=\"widget\" data-widget_type=\"heading.default\">\n\t\t\t\t\t<h2 class=\"elementor-heading-title elementor-size-default\">Consulting et Accompagnement<\/h2>\t\t\t\t<\/div>\n\t\t\t\t<div class=\"elementor-element elementor-element-44f94de elementor-widget elementor-widget-text-editor\" data-id=\"44f94de\" data-element_type=\"widget\" data-e-type=\"widget\" data-widget_type=\"text-editor.default\">\n\t\t\t\t\t\t\t\t\t<p><strong>U<\/strong>n aspect essentiel de mon travail r\u00e9side dans le consulting. Je propose une aide pr\u00e9cieuse aux porteurs de projets, en les accompagnant dans la conception de leur budget de communication. Je dispense des conseils adapt\u00e9s aux entrepreneurs d\u00e9sireux de cr\u00e9er leur entreprise, en veillant \u00e0 apporter des solutions efficaces et r\u00e9alistes.<\/p>\t\t\t\t\t\t\t\t<\/div>\n\t\t\t\t<\/div>\n\t\t<div class=\"elementor-element elementor-element-f29b113 e-con-full e-flex e-con e-child\" data-id=\"f29b113\" data-element_type=\"container\" data-e-type=\"container\">\n\t\t\t\t<div class=\"elementor-element elementor-element-3874e5d elementor-widget elementor-widget-heading\" data-id=\"3874e5d\" data-element_type=\"widget\" data-e-type=\"widget\" data-widget_type=\"heading.default\">\n\t\t\t\t\t<h2 class=\"elementor-heading-title elementor-size-default\">WebDesign<\/h2>\t\t\t\t<\/div>\n\t\t\t\t<div class=\"elementor-element elementor-element-5662488 elementor-widget elementor-widget-text-editor\" data-id=\"5662488\" data-element_type=\"widget\" data-e-type=\"widget\" data-widget_type=\"text-editor.default\">\n\t\t\t\t\t\t\t\t\t<p><strong>Conception de Sites qui R\u00e9pondent \u00e0 Vos Besoins<\/strong><\/p><p><strong>E<\/strong>n tant que graphiste multim\u00e9dias, je propose des services de webdesign adapt\u00e9s \u00e0 vos besoins sp\u00e9cifiques. Je suis sp\u00e9cialis\u00e9 dans la cr\u00e9ation de sites vitrines con\u00e7us pour mettre en valeur votre activit\u00e9. Si n\u00e9cessaire, j&rsquo;offre une formation sur l&rsquo;outil pour assurer une prise en main fluide et efficace.<\/p><p><strong>Personnalisation et Charte Graphique<\/strong><\/p><p><strong>J<\/strong>e travaille \u00e0 la cr\u00e9ation d\u2019une charte graphique sur mesure ou au respect d\u2019une charte existante, afin que votre site refl\u00e8te pleinement votre image. Ma pr\u00e9f\u00e9rence va aux dessins de sites qui peuvent \u00eatre int\u00e9gr\u00e9s et d\u00e9velopp\u00e9s par des prestataires, avec WordPress comme outil privil\u00e9gi\u00e9. Je suis toutefois ouvert \u00e0 d&rsquo;autres CMS selon vos besoins<\/p>\t\t\t\t\t\t\t\t<\/div>\n\t\t\t\t<div class=\"elementor-element elementor-element-bc3b4c7 elementor-widget elementor-widget-heading\" data-id=\"bc3b4c7\" data-element_type=\"widget\" data-e-type=\"widget\" data-widget_type=\"heading.default\">\n\t\t\t\t\t<h2 class=\"elementor-heading-title elementor-size-default\">Conseils et H\u00e9bergement<\/h2>\t\t\t\t<\/div>\n\t\t\t\t<div class=\"elementor-element elementor-element-b0fd6ef elementor-widget elementor-widget-text-editor\" data-id=\"b0fd6ef\" data-element_type=\"widget\" data-e-type=\"widget\" data-widget_type=\"text-editor.default\">\n\t\t\t\t\t\t\t\t\t<p><strong>L<\/strong>e choix de l&rsquo;h\u00e9bergement est crucial, et je privil\u00e9gie les h\u00e9bergeurs locaux ou de proximit\u00e9 pour renforcer le lien avec le territoire. Je suis l\u00e0 pour vous conseiller sur la meilleure option d&rsquo;h\u00e9bergement qui correspond \u00e0 votre projet<\/p>\t\t\t\t\t\t\t\t<\/div>\n\t\t\t\t<\/div>\n\t\t<div class=\"elementor-element elementor-element-99db25b e-con-full e-flex e-con e-child\" data-id=\"99db25b\" data-element_type=\"container\" data-e-type=\"container\">\n\t\t\t\t<div class=\"elementor-element elementor-element-1d65000 elementor-widget elementor-widget-heading\" data-id=\"1d65000\" data-element_type=\"widget\" data-e-type=\"widget\" data-widget_type=\"heading.default\">\n\t\t\t\t\t<h2 class=\"elementor-heading-title elementor-size-default\">Cours d'Art Plastiques<\/h2>\t\t\t\t<\/div>\n\t\t\t\t<div class=\"elementor-element elementor-element-6391338 elementor-widget elementor-widget-text-editor\" data-id=\"6391338\" data-element_type=\"widget\" data-e-type=\"widget\" data-widget_type=\"text-editor.default\">\n\t\t\t\t\t\t\t\t\t<p><strong>Plongez dans l&rsquo;Univers Artistique<\/strong><\/p><p><strong>J<\/strong>e propose des cours d&rsquo;art plastiques diversifi\u00e9s, adapt\u00e9s aux besoins de chacun, dans des structures locales telles que des entreprises, des institutions et des associations. Mon objectif est de favoriser l\u2019acc\u00e8s \u00e0 la cr\u00e9ation artistique pour tous.<\/p><p><strong>Approches Flexibles<\/strong><\/p><p><strong>J<\/strong>e dispense des cours particuliers, en pr\u00e9sentiel ou en ligne, selon les demandes et mes disponibilit\u00e9s. Chaque session est con\u00e7ue pour permettre d&rsquo;incorporer des outils techniques dans une perspective globale. Je n&rsquo;enseigne pas de techniques de dessin ou de peinture de mani\u00e8re isol\u00e9e, mais j&rsquo;aide les participants \u00e0 les int\u00e9grer dans leur processus cr\u00e9atif. Mon but en tant que p\u00e9dagogue est de stimul\u00e9 la cognition cr\u00e9ative, une comp\u00e9tence qui peut se rapporter \u00e0 d&rsquo;autres domaines de la vie. La cr\u00e9ation n&rsquo;est pas r\u00e9serv\u00e9e aux seuls artistes; elle est accessible \u00e0 tous.<\/p><p><strong>Interdisciplinarit\u00e9 et Histoire de l&rsquo;Art<\/strong><\/p><p><strong>M<\/strong>on approche va au-del\u00e0 des techniques artistiques. Je propose \u00e9galement un volet sur l&rsquo;histoire de l&rsquo;art, en l&rsquo;articulant avec des perspectives issues des sciences sociales. Au cours des interventions, je m&rsquo;efforce de situer l&rsquo;art dans son contexte culturel et historique, enrichissant ainsi la compr\u00e9hension des participants.<\/p><p><em><strong>Si vous \u00eates int\u00e9ress\u00e9 par des cours qui stimulent la cr\u00e9ativit\u00e9 et l&rsquo;apprentissage, n&rsquo;h\u00e9sitez pas \u00e0 me contacter pour \u00e9laborer ensemble un programme qui vous convient !<\/strong><\/em><\/p>\t\t\t\t\t\t\t\t<\/div>\n\t\t\t\t<\/div>\n\t\t\t\t\t<\/div>\n\t\t\t\t<\/div>\n\t\t<div class=\"elementor-element elementor-element-0fcac3d e-flex e-con-boxed e-con e-parent\" data-id=\"0fcac3d\" data-element_type=\"container\" data-e-type=\"container\" data-settings=\"{&quot;background_background&quot;:&quot;classic&quot;}\">\n\t\t\t\t\t<div class=\"e-con-inner\">\n\t\t<div class=\"elementor-element elementor-element-847cd93 e-con-full e-flex e-con e-child\" data-id=\"847cd93\" data-element_type=\"container\" data-e-type=\"container\">\n\t\t\t\t<div class=\"elementor-element elementor-element-07839bc elementor-widget elementor-widget-heading\" data-id=\"07839bc\" data-element_type=\"widget\" data-e-type=\"widget\" data-widget_type=\"heading.default\">\n\t\t\t\t\t<h2 class=\"elementor-heading-title elementor-size-default\">Engagement aupr\u00e8s des Acteurs Locaux<\/h2>\t\t\t\t<\/div>\n\t\t\t\t<div class=\"elementor-element elementor-element-6efda58 elementor-widget elementor-widget-text-editor\" data-id=\"6efda58\" data-element_type=\"widget\" data-e-type=\"widget\" data-widget_type=\"text-editor.default\">\n\t\t\t\t\t\t\t\t\t<p><strong>J<\/strong>e pr\u00e9f\u00e8re travailler avec des associations, des structures socio-culturelles, des mairies, des institutions locales et dans le cadre de l\u2019\u00e9v\u00e9nementiel local. Je suis \u00e9galement ouvert \u00e0 des collaborations avec l&rsquo;artisanat local. Mon \u00e9thique et mes valeurs guident mes choix, car je souhaite m\u2019engager dans des projets en harmonie avec mes principes.<\/p>\t\t\t\t\t\t\t\t<\/div>\n\t\t\t\t<\/div>\n\t\t<div class=\"elementor-element elementor-element-2ac36dc e-con-full e-flex e-con e-child\" data-id=\"2ac36dc\" data-element_type=\"container\" data-e-type=\"container\">\n\t\t\t\t<div class=\"elementor-element elementor-element-2f364f7 elementor-widget elementor-widget-heading\" data-id=\"2f364f7\" data-element_type=\"widget\" data-e-type=\"widget\" data-widget_type=\"heading.default\">\n\t\t\t\t\t<h2 class=\"elementor-heading-title elementor-size-default\">Modalit\u00e9s de Collaboration<\/h2>\t\t\t\t<\/div>\n\t\t\t\t<div class=\"elementor-element elementor-element-d4a8683 elementor-widget elementor-widget-text-editor\" data-id=\"d4a8683\" data-element_type=\"widget\" data-e-type=\"widget\" data-widget_type=\"text-editor.default\">\n\t\t\t\t\t\t\t\t\t<p><strong>E<\/strong>n ce qui concerne les conditions de travail, je pr\u00e9f\u00e8re les contrats en CDD pour une collaboration structur\u00e9e. Je suis \u00e9galement ouvert aux missions en freelance, avec une flexibilit\u00e9 qui me permet de m\u2019adapter \u00e0 vos exigences et de favoriser un dialogue constructif.<\/p>\t\t\t\t\t\t\t\t<\/div>\n\t\t\t\t<\/div>\n\t\t\t\t\t<\/div>\n\t\t\t\t<\/div>\n\t\t<div class=\"elementor-element elementor-element-58cf2f1 e-flex e-con-boxed e-con e-parent\" data-id=\"58cf2f1\" data-element_type=\"container\" data-e-type=\"container\" data-settings=\"{&quot;background_background&quot;:&quot;classic&quot;}\">\n\t\t\t\t\t<div class=\"e-con-inner\">\n\t\t\t\t<div class=\"elementor-element elementor-element-af6d9ff elementor-widget elementor-widget-text-editor\" data-id=\"af6d9ff\" data-element_type=\"widget\" data-e-type=\"widget\" data-widget_type=\"text-editor.default\">\n\t\t\t\t\t\t\t\t\t<p style=\"text-align: center;\"><em>N&rsquo;h\u00e9sitez pas \u00e0 me contacter pour discuter de vos projets et explorer comment je peux vous aider \u00e0 donner vie \u00e0 vos id\u00e9es !<\/em><\/p><p style=\"text-align: center;\"><em><strong>Merci de votre visite et confiance<\/strong><\/em><\/p><p style=\"text-align: center;\"><a href=\"https:\/\/niglo-design.fr\/index.php\/contact\/\"><strong>CONTACT<\/strong><\/a><\/p>\t\t\t\t\t\t\t\t<\/div>\n\t\t\t\t\t<\/div>\n\t\t\t\t<\/div>\n\t\t\t\t<\/div>\n\t\t","protected":false},"excerpt":{"rendered":"<p>Graphisme Multim\u00e9dia \/ Arts Plastiques Bienvenue Site en CONSTRUCTION Graphismes Mes Services de GraphisteUne Expertise au Service de Vos Projets [&hellip;]<\/p>\n","protected":false},"author":1,"featured_media":0,"parent":0,"menu_order":0,"comment_status":"closed","ping_status":"closed","template":"","meta":{"site-sidebar-layout":"no-sidebar","site-content-layout":"","ast-site-content-layout":"full-width-container","site-content-style":"default","site-sidebar-style":"default","ast-global-header-display":"","ast-banner-title-visibility":"","ast-main-header-display":"","ast-hfb-above-header-display":"","ast-hfb-below-header-display":"","ast-hfb-mobile-header-display":"","site-post-title":"disabled","ast-breadcrumbs-content":"","ast-featured-img":"disabled","footer-sml-layout":"","ast-disable-related-posts":"","theme-transparent-header-meta":"","adv-header-id-meta":"","stick-header-meta":"","header-above-stick-meta":"","header-main-stick-meta":"","header-below-stick-meta":"","astra-migrate-meta-layouts":"default","ast-page-background-enabled":"default","ast-page-background-meta":{"desktop":{"background-color":"var(--ast-global-color-5)","background-image":"","background-repeat":"repeat","background-position":"center center","background-size":"auto","background-attachment":"scroll","background-type":"","background-media":"","overlay-type":"","overlay-color":"","overlay-opacity":"","overlay-gradient":""},"tablet":{"background-color":"","background-image":"","background-repeat":"repeat","background-position":"center center","background-size":"auto","background-attachment":"scroll","background-type":"","background-media":"","overlay-type":"","overlay-color":"","overlay-opacity":"","overlay-gradient":""},"mobile":{"background-color":"","background-image":"","background-repeat":"repeat","background-position":"center center","background-size":"auto","background-attachment":"scroll","background-type":"","background-media":"","overlay-type":"","overlay-color":"","overlay-opacity":"","overlay-gradient":""}},"ast-content-background-meta":{"desktop":{"background-color":"var(--ast-global-color-4)","background-image":"","background-repeat":"repeat","background-position":"center center","background-size":"auto","background-attachment":"scroll","background-type":"","background-media":"","overlay-type":"","overlay-color":"","overlay-opacity":"","overlay-gradient":""},"tablet":{"background-color":"var(--ast-global-color-4)","background-image":"","background-repeat":"repeat","background-position":"center center","background-size":"auto","background-attachment":"scroll","background-type":"","background-media":"","overlay-type":"","overlay-color":"","overlay-opacity":"","overlay-gradient":""},"mobile":{"background-color":"var(--ast-global-color-4)","background-image":"","background-repeat":"repeat","background-position":"center center","background-size":"auto","background-attachment":"scroll","background-type":"","background-media":"","overlay-type":"","overlay-color":"","overlay-opacity":"","overlay-gradient":""}},"footnotes":""},"class_list":["post-36","page","type-page","status-publish","hentry"],"_links":{"self":[{"href":"https:\/\/niglo-design.fr\/index.php\/wp-json\/wp\/v2\/pages\/36","targetHints":{"allow":["GET"]}}],"collection":[{"href":"https:\/\/niglo-design.fr\/index.php\/wp-json\/wp\/v2\/pages"}],"about":[{"href":"https:\/\/niglo-design.fr\/index.php\/wp-json\/wp\/v2\/types\/page"}],"author":[{"embeddable":true,"href":"https:\/\/niglo-design.fr\/index.php\/wp-json\/wp\/v2\/users\/1"}],"replies":[{"embeddable":true,"href":"https:\/\/niglo-design.fr\/index.php\/wp-json\/wp\/v2\/comments?post=36"}],"version-history":[{"count":574,"href":"https:\/\/niglo-design.fr\/index.php\/wp-json\/wp\/v2\/pages\/36\/revisions"}],"predecessor-version":[{"id":2500,"href":"https:\/\/niglo-design.fr\/index.php\/wp-json\/wp\/v2\/pages\/36\/revisions\/2500"}],"wp:attachment":[{"href":"https:\/\/niglo-design.fr\/index.php\/wp-json\/wp\/v2\/media?parent=36"}],"curies":[{"name":"wp","href":"https:\/\/api.w.org\/{rel}","templated":true}]}}