{"id":2782,"date":"2026-03-27T12:55:20","date_gmt":"2026-03-27T12:55:20","guid":{"rendered":"https:\/\/niglo-design.fr\/?page_id=2782"},"modified":"2026-03-27T13:23:21","modified_gmt":"2026-03-27T13:23:21","slug":"figurines","status":"publish","type":"page","link":"https:\/\/niglo-design.fr\/index.php\/figurines\/","title":{"rendered":"Figurines"},"content":{"rendered":"\t\t<div data-elementor-type=\"wp-page\" data-elementor-id=\"2782\" class=\"elementor elementor-2782\" data-elementor-post-type=\"page\">\n\t\t\t\t<div class=\"elementor-element elementor-element-a464811 e-flex e-con-boxed e-con e-parent\" data-id=\"a464811\" data-element_type=\"container\" data-e-type=\"container\" data-settings=\"{&quot;background_background&quot;:&quot;classic&quot;}\">\n\t\t\t\t\t<div class=\"e-con-inner\">\n\t\t\t\t<div class=\"elementor-element elementor-element-bfb7fb6 elementor-widget elementor-widget-heading\" data-id=\"bfb7fb6\" data-element_type=\"widget\" data-e-type=\"widget\" data-widget_type=\"heading.default\">\n\t\t\t\t\t<h2 class=\"elementor-heading-title elementor-size-default\">Figurines<\/h2>\t\t\t\t<\/div>\n\t\t\t\t\t<\/div>\n\t\t\t\t<\/div>\n\t\t<div class=\"elementor-element elementor-element-8219bda e-flex e-con-boxed e-con e-parent\" data-id=\"8219bda\" data-element_type=\"container\" data-e-type=\"container\" data-settings=\"{&quot;background_background&quot;:&quot;classic&quot;}\">\n\t\t\t\t\t<div class=\"e-con-inner\">\n\t\t\t\t<div class=\"elementor-element elementor-element-93bcf9b elementor-widget elementor-widget-gallery\" data-id=\"93bcf9b\" data-element_type=\"widget\" data-e-type=\"widget\" data-settings=\"{&quot;aspect_ratio&quot;:&quot;4:3&quot;,&quot;columns&quot;:3,&quot;image_hover_animation&quot;:&quot;grow&quot;,&quot;gallery_layout&quot;:&quot;grid&quot;,&quot;columns_tablet&quot;:2,&quot;columns_mobile&quot;:1,&quot;gap&quot;:{&quot;unit&quot;:&quot;px&quot;,&quot;size&quot;:10,&quot;sizes&quot;:[]},&quot;gap_tablet&quot;:{&quot;unit&quot;:&quot;px&quot;,&quot;size&quot;:10,&quot;sizes&quot;:[]},&quot;gap_mobile&quot;:{&quot;unit&quot;:&quot;px&quot;,&quot;size&quot;:10,&quot;sizes&quot;:[]},&quot;link_to&quot;:&quot;file&quot;,&quot;overlay_background&quot;:&quot;yes&quot;,&quot;content_hover_animation&quot;:&quot;fade-in&quot;}\" data-widget_type=\"gallery.default\">\n\t\t\t\t\t\t\t<div class=\"elementor-gallery__container\">\n\t\t\t\t\t\t\t<a class=\"e-gallery-item elementor-gallery-item elementor-animated-content\" href=\"https:\/\/niglo-design.fr\/wp-content\/uploads\/2026\/03\/P1010174-scaled.jpg\" data-elementor-open-lightbox=\"yes\" data-elementor-lightbox-slideshow=\"93bcf9b\" data-e-action-hash=\"#elementor-action%3Aaction%3Dlightbox%26settings%3DeyJpZCI6Mjc4OCwidXJsIjoiaHR0cHM6XC9cL25pZ2xvLWRlc2lnbi5mclwvd3AtY29udGVudFwvdXBsb2Fkc1wvMjAyNlwvMDNcL1AxMDEwMTc0LXNjYWxlZC5qcGciLCJzbGlkZXNob3ciOiI5M2JjZjliIn0%3D\">\n\t\t\t\t\t<div class=\"e-gallery-image elementor-gallery-item__image\" data-thumbnail=\"https:\/\/niglo-design.fr\/wp-content\/uploads\/2026\/03\/P1010174-scaled.jpg\" data-width=\"2560\" data-height=\"1804\" aria-label=\"\" role=\"img\" ><\/div>\n\t\t\t\t\t\t\t\t\t\t\t<div class=\"elementor-gallery-item__overlay\"><\/div>\n\t\t\t\t\t\t\t\t\t\t\t\t\t\t<\/a>\n\t\t\t\t\t\t\t<a class=\"e-gallery-item elementor-gallery-item elementor-animated-content\" href=\"https:\/\/niglo-design.fr\/wp-content\/uploads\/2026\/03\/P1010185-scaled.jpg\" data-elementor-open-lightbox=\"yes\" data-elementor-lightbox-slideshow=\"93bcf9b\" data-e-action-hash=\"#elementor-action%3Aaction%3Dlightbox%26settings%3DeyJpZCI6Mjc4OSwidXJsIjoiaHR0cHM6XC9cL25pZ2xvLWRlc2lnbi5mclwvd3AtY29udGVudFwvdXBsb2Fkc1wvMjAyNlwvMDNcL1AxMDEwMTg1LXNjYWxlZC5qcGciLCJzbGlkZXNob3ciOiI5M2JjZjliIn0%3D\">\n\t\t\t\t\t<div class=\"e-gallery-image elementor-gallery-item__image\" data-thumbnail=\"https:\/\/niglo-design.fr\/wp-content\/uploads\/2026\/03\/P1010185-scaled.jpg\" data-width=\"2560\" data-height=\"2153\" aria-label=\"\" role=\"img\" ><\/div>\n\t\t\t\t\t\t\t\t\t\t\t<div class=\"elementor-gallery-item__overlay\"><\/div>\n\t\t\t\t\t\t\t\t\t\t\t\t\t\t<\/a>\n\t\t\t\t\t\t\t<a class=\"e-gallery-item elementor-gallery-item elementor-animated-content\" href=\"https:\/\/niglo-design.fr\/wp-content\/uploads\/2026\/03\/P1010200-scaled.jpg\" data-elementor-open-lightbox=\"yes\" data-elementor-lightbox-slideshow=\"93bcf9b\" data-e-action-hash=\"#elementor-action%3Aaction%3Dlightbox%26settings%3DeyJpZCI6Mjc5MSwidXJsIjoiaHR0cHM6XC9cL25pZ2xvLWRlc2lnbi5mclwvd3AtY29udGVudFwvdXBsb2Fkc1wvMjAyNlwvMDNcL1AxMDEwMjAwLXNjYWxlZC5qcGciLCJzbGlkZXNob3ciOiI5M2JjZjliIn0%3D\">\n\t\t\t\t\t<div class=\"e-gallery-image elementor-gallery-item__image\" data-thumbnail=\"https:\/\/niglo-design.fr\/wp-content\/uploads\/2026\/03\/P1010200-scaled.jpg\" data-width=\"2560\" data-height=\"1920\" aria-label=\"\" role=\"img\" ><\/div>\n\t\t\t\t\t\t\t\t\t\t\t<div class=\"elementor-gallery-item__overlay\"><\/div>\n\t\t\t\t\t\t\t\t\t\t\t\t\t\t<\/a>\n\t\t\t\t\t\t\t<a class=\"e-gallery-item elementor-gallery-item elementor-animated-content\" href=\"https:\/\/niglo-design.fr\/wp-content\/uploads\/2026\/03\/P1010211.jpg\" data-elementor-open-lightbox=\"yes\" data-elementor-lightbox-slideshow=\"93bcf9b\" data-e-action-hash=\"#elementor-action%3Aaction%3Dlightbox%26settings%3DeyJpZCI6Mjc5MywidXJsIjoiaHR0cHM6XC9cL25pZ2xvLWRlc2lnbi5mclwvd3AtY29udGVudFwvdXBsb2Fkc1wvMjAyNlwvMDNcL1AxMDEwMjExLmpwZyIsInNsaWRlc2hvdyI6IjkzYmNmOWIifQ%3D%3D\">\n\t\t\t\t\t<div class=\"e-gallery-image elementor-gallery-item__image\" data-thumbnail=\"https:\/\/niglo-design.fr\/wp-content\/uploads\/2026\/03\/P1010211.jpg\" data-width=\"1824\" data-height=\"2296\" aria-label=\"\" role=\"img\" ><\/div>\n\t\t\t\t\t\t\t\t\t\t\t<div class=\"elementor-gallery-item__overlay\"><\/div>\n\t\t\t\t\t\t\t\t\t\t\t\t\t\t<\/a>\n\t\t\t\t\t\t\t<a class=\"e-gallery-item elementor-gallery-item elementor-animated-content\" href=\"https:\/\/niglo-design.fr\/wp-content\/uploads\/2026\/03\/P1010244-scaled.jpg\" data-elementor-open-lightbox=\"yes\" data-elementor-lightbox-slideshow=\"93bcf9b\" data-e-action-hash=\"#elementor-action%3Aaction%3Dlightbox%26settings%3DeyJpZCI6Mjc5MiwidXJsIjoiaHR0cHM6XC9cL25pZ2xvLWRlc2lnbi5mclwvd3AtY29udGVudFwvdXBsb2Fkc1wvMjAyNlwvMDNcL1AxMDEwMjQ0LXNjYWxlZC5qcGciLCJzbGlkZXNob3ciOiI5M2JjZjliIn0%3D\">\n\t\t\t\t\t<div class=\"e-gallery-image elementor-gallery-item__image\" data-thumbnail=\"https:\/\/niglo-design.fr\/wp-content\/uploads\/2026\/03\/P1010244-scaled.jpg\" data-width=\"2560\" data-height=\"1920\" aria-label=\"\" role=\"img\" ><\/div>\n\t\t\t\t\t\t\t\t\t\t\t<div class=\"elementor-gallery-item__overlay\"><\/div>\n\t\t\t\t\t\t\t\t\t\t\t\t\t\t<\/a>\n\t\t\t\t\t\t\t<a class=\"e-gallery-item elementor-gallery-item elementor-animated-content\" href=\"https:\/\/niglo-design.fr\/wp-content\/uploads\/2026\/03\/480612987_4064506080463323_5091356940691123828_n.jpg\" data-elementor-open-lightbox=\"yes\" data-elementor-lightbox-slideshow=\"93bcf9b\" data-elementor-lightbox-title=\"Captain Orkansas\" data-e-action-hash=\"#elementor-action%3Aaction%3Dlightbox%26settings%3DeyJpZCI6MjgyNywidXJsIjoiaHR0cHM6XC9cL25pZ2xvLWRlc2lnbi5mclwvd3AtY29udGVudFwvdXBsb2Fkc1wvMjAyNlwvMDNcLzQ4MDYxMjk4N180MDY0NTA2MDgwNDYzMzIzXzUwOTEzNTY5NDA2OTExMjM4Mjhfbi5qcGciLCJzbGlkZXNob3ciOiI5M2JjZjliIn0%3D\">\n\t\t\t\t\t<div class=\"e-gallery-image elementor-gallery-item__image\" data-thumbnail=\"https:\/\/niglo-design.fr\/wp-content\/uploads\/2026\/03\/480612987_4064506080463323_5091356940691123828_n.jpg\" data-width=\"1448\" data-height=\"2048\" aria-label=\"\" role=\"img\" ><\/div>\n\t\t\t\t\t\t\t\t\t\t\t<div class=\"elementor-gallery-item__overlay\"><\/div>\n\t\t\t\t\t\t\t\t\t\t\t\t\t\t<\/a>\n\t\t\t\t\t\t\t<a class=\"e-gallery-item elementor-gallery-item elementor-animated-content\" href=\"https:\/\/niglo-design.fr\/wp-content\/uploads\/2026\/03\/481133789_4064506087129989_8644690030933279578_n.jpg\" data-elementor-open-lightbox=\"yes\" data-elementor-lightbox-slideshow=\"93bcf9b\" data-elementor-lightbox-title=\"Niglork\" data-e-action-hash=\"#elementor-action%3Aaction%3Dlightbox%26settings%3DeyJpZCI6MjgyMywidXJsIjoiaHR0cHM6XC9cL25pZ2xvLWRlc2lnbi5mclwvd3AtY29udGVudFwvdXBsb2Fkc1wvMjAyNlwvMDNcLzQ4MTEzMzc4OV80MDY0NTA2MDg3MTI5OTg5Xzg2NDQ2OTAwMzA5MzMyNzk1Nzhfbi5qcGciLCJzbGlkZXNob3ciOiI5M2JjZjliIn0%3D\">\n\t\t\t\t\t<div class=\"e-gallery-image elementor-gallery-item__image\" data-thumbnail=\"https:\/\/niglo-design.fr\/wp-content\/uploads\/2026\/03\/481133789_4064506087129989_8644690030933279578_n.jpg\" data-width=\"1448\" data-height=\"2048\" aria-label=\"\" role=\"img\" ><\/div>\n\t\t\t\t\t\t\t\t\t\t\t<div class=\"elementor-gallery-item__overlay\"><\/div>\n\t\t\t\t\t\t\t\t\t\t\t\t\t\t<\/a>\n\t\t\t\t\t<\/div>\n\t\t\t\t\t<\/div>\n\t\t\t\t\t<\/div>\n\t\t\t\t<\/div>\n\t\t<div class=\"elementor-element elementor-element-3c17a05 e-flex e-con-boxed e-con e-parent\" data-id=\"3c17a05\" data-element_type=\"container\" data-e-type=\"container\" data-settings=\"{&quot;background_background&quot;:&quot;classic&quot;}\">\n\t\t\t\t\t<div class=\"e-con-inner\">\n\t\t\t\t<div class=\"elementor-element elementor-element-bfe144b elementor-widget elementor-widget-text-editor\" data-id=\"bfe144b\" data-element_type=\"widget\" data-e-type=\"widget\" data-widget_type=\"text-editor.default\">\n\t\t\t\t\t\t\t\t\t<p style=\"text-align: center;\"><em>N&rsquo;h\u00e9sitez pas \u00e0 me contacter pour discuter de vos projets et explorer comment je peux vous aider \u00e0 donner vie \u00e0 vos id\u00e9es !<\/em><\/p><p style=\"text-align: center;\"><em><strong>Merci de votre visite et confiance<\/strong><\/em><\/p><p style=\"text-align: center;\"><a href=\"https:\/\/niglo-design.fr\/index.php\/contact\/\"><strong>CONTACT<\/strong><\/a><\/p>\t\t\t\t\t\t\t\t<\/div>\n\t\t\t\t\t<\/div>\n\t\t\t\t<\/div>\n\t\t\t\t<\/div>\n\t\t","protected":false},"excerpt":{"rendered":"<p>Figurines N&rsquo;h\u00e9sitez pas \u00e0 me contacter pour discuter de vos projets et explorer comment je peux vous aider \u00e0 donner [&hellip;]<\/p>\n","protected":false},"author":1,"featured_media":0,"parent":0,"menu_order":0,"comment_status":"closed","ping_status":"closed","template":"","meta":{"site-sidebar-layout":"no-sidebar","site-content-layout":"","ast-site-content-layout":"full-width-container","site-content-style":"default","site-sidebar-style":"default","ast-global-header-display":"","ast-banner-title-visibility":"","ast-main-header-display":"","ast-hfb-above-header-display":"","ast-hfb-below-header-display":"","ast-hfb-mobile-header-display":"","site-post-title":"disabled","ast-breadcrumbs-content":"","ast-featured-img":"disabled","footer-sml-layout":"","ast-disable-related-posts":"","theme-transparent-header-meta":"","adv-header-id-meta":"","stick-header-meta":"","header-above-stick-meta":"","header-main-stick-meta":"","header-below-stick-meta":"","astra-migrate-meta-layouts":"default","ast-page-background-enabled":"default","ast-page-background-meta":{"desktop":{"background-color":"var(--ast-global-color-5)","background-image":"","background-repeat":"repeat","background-position":"center center","background-size":"auto","background-attachment":"scroll","background-type":"","background-media":"","overlay-type":"","overlay-color":"","overlay-opacity":"","overlay-gradient":""},"tablet":{"background-color":"","background-image":"","background-repeat":"repeat","background-position":"center center","background-size":"auto","background-attachment":"scroll","background-type":"","background-media":"","overlay-type":"","overlay-color":"","overlay-opacity":"","overlay-gradient":""},"mobile":{"background-color":"","background-image":"","background-repeat":"repeat","background-position":"center center","background-size":"auto","background-attachment":"scroll","background-type":"","background-media":"","overlay-type":"","overlay-color":"","overlay-opacity":"","overlay-gradient":""}},"ast-content-background-meta":{"desktop":{"background-color":"var(--ast-global-color-4)","background-image":"","background-repeat":"repeat","background-position":"center center","background-size":"auto","background-attachment":"scroll","background-type":"","background-media":"","overlay-type":"","overlay-color":"","overlay-opacity":"","overlay-gradient":""},"tablet":{"background-color":"var(--ast-global-color-4)","background-image":"","background-repeat":"repeat","background-position":"center center","background-size":"auto","background-attachment":"scroll","background-type":"","background-media":"","overlay-type":"","overlay-color":"","overlay-opacity":"","overlay-gradient":""},"mobile":{"background-color":"var(--ast-global-color-4)","background-image":"","background-repeat":"repeat","background-position":"center center","background-size":"auto","background-attachment":"scroll","background-type":"","background-media":"","overlay-type":"","overlay-color":"","overlay-opacity":"","overlay-gradient":""}},"footnotes":""},"class_list":["post-2782","page","type-page","status-publish","hentry"],"_links":{"self":[{"href":"https:\/\/niglo-design.fr\/index.php\/wp-json\/wp\/v2\/pages\/2782","targetHints":{"allow":["GET"]}}],"collection":[{"href":"https:\/\/niglo-design.fr\/index.php\/wp-json\/wp\/v2\/pages"}],"about":[{"href":"https:\/\/niglo-design.fr\/index.php\/wp-json\/wp\/v2\/types\/page"}],"author":[{"embeddable":true,"href":"https:\/\/niglo-design.fr\/index.php\/wp-json\/wp\/v2\/users\/1"}],"replies":[{"embeddable":true,"href":"https:\/\/niglo-design.fr\/index.php\/wp-json\/wp\/v2\/comments?post=2782"}],"version-history":[{"count":41,"href":"https:\/\/niglo-design.fr\/index.php\/wp-json\/wp\/v2\/pages\/2782\/revisions"}],"predecessor-version":[{"id":2836,"href":"https:\/\/niglo-design.fr\/index.php\/wp-json\/wp\/v2\/pages\/2782\/revisions\/2836"}],"wp:attachment":[{"href":"https:\/\/niglo-design.fr\/index.php\/wp-json\/wp\/v2\/media?parent=2782"}],"curies":[{"name":"wp","href":"https:\/\/api.w.org\/{rel}","templated":true}]}}