{"id":1128,"date":"2026-01-29T10:49:04","date_gmt":"2026-01-29T10:49:04","guid":{"rendered":"https:\/\/niglo-design.fr\/?page_id=1128"},"modified":"2026-03-18T20:57:23","modified_gmt":"2026-03-18T20:57:23","slug":"illustratextes","status":"publish","type":"page","link":"https:\/\/niglo-design.fr\/index.php\/illustratextes\/","title":{"rendered":"Illustratextes"},"content":{"rendered":"\t\t<div data-elementor-type=\"wp-page\" data-elementor-id=\"1128\" class=\"elementor elementor-1128\" data-elementor-post-type=\"page\">\n\t\t\t\t<div class=\"elementor-element elementor-element-b93b2d0 e-flex e-con-boxed e-con e-parent\" data-id=\"b93b2d0\" data-element_type=\"container\" data-e-type=\"container\" data-settings=\"{&quot;background_background&quot;:&quot;classic&quot;}\">\n\t\t\t\t\t<div class=\"e-con-inner\">\n\t\t\t\t<div class=\"elementor-element elementor-element-37b33f0 elementor-widget elementor-widget-heading\" data-id=\"37b33f0\" data-element_type=\"widget\" data-e-type=\"widget\" data-widget_type=\"heading.default\">\n\t\t\t\t\t<h2 class=\"elementor-heading-title elementor-size-default\">Illustratextes<\/h2>\t\t\t\t<\/div>\n\t\t\t\t<div class=\"elementor-element elementor-element-069f8c2 elementor-drop-cap-yes elementor-drop-cap-view-default elementor-widget elementor-widget-text-editor\" data-id=\"069f8c2\" data-element_type=\"widget\" data-e-type=\"widget\" data-settings=\"{&quot;drop_cap&quot;:&quot;yes&quot;}\" data-widget_type=\"text-editor.default\">\n\t\t\t\t\t\t\t\t\t<p>Galerie d\u00e9di\u00e9, \u00e0 mes repr\u00e9sentations graphiques de la mise en page. Encore un terrain de jeux, au-del\u00e0 de la cr\u00e9ation graphique, j&rsquo;y rajoute de la maquette. Toute ces cr\u00e9ations peuvent avoir leurs places dans un monde dimensionnel &#8230;<\/p><p>Fr\u00e9d\u00e9ric Fouch\u00e9.<\/p>\t\t\t\t\t\t\t\t<\/div>\n\t\t\t\t\t<\/div>\n\t\t\t\t<\/div>\n\t\t<div class=\"elementor-element elementor-element-0e2c6da e-flex e-con-boxed e-con e-parent\" data-id=\"0e2c6da\" data-element_type=\"container\" data-e-type=\"container\" data-settings=\"{&quot;background_background&quot;:&quot;classic&quot;}\">\n\t\t\t\t\t<div class=\"e-con-inner\">\n\t\t\t\t<div class=\"elementor-element elementor-element-31d8a38 elementor-widget elementor-widget-gallery\" data-id=\"31d8a38\" data-element_type=\"widget\" data-e-type=\"widget\" data-settings=\"{&quot;aspect_ratio&quot;:&quot;4:3&quot;,&quot;columns&quot;:5,&quot;lazyload&quot;:&quot;yes&quot;,&quot;gallery_layout&quot;:&quot;grid&quot;,&quot;columns_tablet&quot;:2,&quot;columns_mobile&quot;:1,&quot;gap&quot;:{&quot;unit&quot;:&quot;px&quot;,&quot;size&quot;:10,&quot;sizes&quot;:[]},&quot;gap_tablet&quot;:{&quot;unit&quot;:&quot;px&quot;,&quot;size&quot;:10,&quot;sizes&quot;:[]},&quot;gap_mobile&quot;:{&quot;unit&quot;:&quot;px&quot;,&quot;size&quot;:10,&quot;sizes&quot;:[]},&quot;link_to&quot;:&quot;file&quot;,&quot;overlay_background&quot;:&quot;yes&quot;,&quot;content_hover_animation&quot;:&quot;fade-in&quot;}\" data-widget_type=\"gallery.default\">\n\t\t\t\t\t\t\t<div class=\"elementor-gallery__container\">\n\t\t\t\t\t\t\t<a class=\"e-gallery-item elementor-gallery-item elementor-animated-content\" href=\"https:\/\/niglo-design.fr\/wp-content\/uploads\/2026\/01\/elephant3a.jpg\" data-elementor-open-lightbox=\"yes\" data-elementor-lightbox-slideshow=\"31d8a38\" data-elementor-lightbox-title=\"Vapor L Phant\" data-e-action-hash=\"#elementor-action%3Aaction%3Dlightbox%26settings%3DeyJpZCI6MTE2NiwidXJsIjoiaHR0cHM6XC9cL25pZ2xvLWRlc2lnbi5mclwvd3AtY29udGVudFwvdXBsb2Fkc1wvMjAyNlwvMDFcL2VsZXBoYW50M2EuanBnIiwic2xpZGVzaG93IjoiMzFkOGEzOCJ9\">\n\t\t\t\t\t<div class=\"e-gallery-image elementor-gallery-item__image\" data-thumbnail=\"https:\/\/niglo-design.fr\/wp-content\/uploads\/2026\/01\/elephant3a-768x768.jpg\" data-width=\"768\" data-height=\"768\" aria-label=\"Vapor L Phant\" role=\"img\" ><\/div>\n\t\t\t\t\t\t\t\t\t\t\t<div class=\"elementor-gallery-item__overlay\"><\/div>\n\t\t\t\t\t\t\t\t\t\t\t\t\t\t<\/a>\n\t\t\t\t\t\t\t<a class=\"e-gallery-item elementor-gallery-item elementor-animated-content\" href=\"https:\/\/niglo-design.fr\/wp-content\/uploads\/2026\/01\/elephant4a.jpg\" data-elementor-open-lightbox=\"yes\" data-elementor-lightbox-slideshow=\"31d8a38\" data-elementor-lightbox-title=\"Vapor L Phant 2\" data-e-action-hash=\"#elementor-action%3Aaction%3Dlightbox%26settings%3DeyJpZCI6MTE2OCwidXJsIjoiaHR0cHM6XC9cL25pZ2xvLWRlc2lnbi5mclwvd3AtY29udGVudFwvdXBsb2Fkc1wvMjAyNlwvMDFcL2VsZXBoYW50NGEuanBnIiwic2xpZGVzaG93IjoiMzFkOGEzOCJ9\">\n\t\t\t\t\t<div class=\"e-gallery-image elementor-gallery-item__image\" data-thumbnail=\"https:\/\/niglo-design.fr\/wp-content\/uploads\/2026\/01\/elephant4a-768x768.jpg\" data-width=\"768\" data-height=\"768\" aria-label=\"\" role=\"img\" ><\/div>\n\t\t\t\t\t\t\t\t\t\t\t<div class=\"elementor-gallery-item__overlay\"><\/div>\n\t\t\t\t\t\t\t\t\t\t\t\t\t\t<\/a>\n\t\t\t\t\t\t\t<a class=\"e-gallery-item elementor-gallery-item elementor-animated-content\" href=\"https:\/\/niglo-design.fr\/wp-content\/uploads\/2026\/01\/fox6.jpg\" data-elementor-open-lightbox=\"yes\" data-elementor-lightbox-slideshow=\"31d8a38\" data-elementor-lightbox-title=\"Vapor L Foxy&#039;s\" data-e-action-hash=\"#elementor-action%3Aaction%3Dlightbox%26settings%3DeyJpZCI6MTE2MiwidXJsIjoiaHR0cHM6XC9cL25pZ2xvLWRlc2lnbi5mclwvd3AtY29udGVudFwvdXBsb2Fkc1wvMjAyNlwvMDFcL2ZveDYuanBnIiwic2xpZGVzaG93IjoiMzFkOGEzOCJ9\">\n\t\t\t\t\t<div class=\"e-gallery-image elementor-gallery-item__image\" data-thumbnail=\"https:\/\/niglo-design.fr\/wp-content\/uploads\/2026\/01\/fox6-768x768.jpg\" data-width=\"768\" data-height=\"768\" aria-label=\"Vapor L Foxy&#039;s\" role=\"img\" ><\/div>\n\t\t\t\t\t\t\t\t\t\t\t<div class=\"elementor-gallery-item__overlay\"><\/div>\n\t\t\t\t\t\t\t\t\t\t\t\t\t\t<\/a>\n\t\t\t\t\t\t\t<a class=\"e-gallery-item elementor-gallery-item elementor-animated-content\" href=\"https:\/\/niglo-design.fr\/wp-content\/uploads\/2026\/01\/Hornet5.jpg\" data-elementor-open-lightbox=\"yes\" data-elementor-lightbox-slideshow=\"31d8a38\" data-elementor-lightbox-title=\"Vapor L hornet\" data-e-action-hash=\"#elementor-action%3Aaction%3Dlightbox%26settings%3DeyJpZCI6MTE2OSwidXJsIjoiaHR0cHM6XC9cL25pZ2xvLWRlc2lnbi5mclwvd3AtY29udGVudFwvdXBsb2Fkc1wvMjAyNlwvMDFcL0hvcm5ldDUuanBnIiwic2xpZGVzaG93IjoiMzFkOGEzOCJ9\">\n\t\t\t\t\t<div class=\"e-gallery-image elementor-gallery-item__image\" data-thumbnail=\"https:\/\/niglo-design.fr\/wp-content\/uploads\/2026\/01\/Hornet5-768x768.jpg\" data-width=\"768\" data-height=\"768\" aria-label=\"\" role=\"img\" ><\/div>\n\t\t\t\t\t\t\t\t\t\t\t<div class=\"elementor-gallery-item__overlay\"><\/div>\n\t\t\t\t\t\t\t\t\t\t\t\t\t\t<\/a>\n\t\t\t\t\t\t\t<a class=\"e-gallery-item elementor-gallery-item elementor-animated-content\" href=\"https:\/\/niglo-design.fr\/wp-content\/uploads\/2026\/01\/licorne-deux05.jpg\" data-elementor-open-lightbox=\"yes\" data-elementor-lightbox-slideshow=\"31d8a38\" data-elementor-lightbox-title=\"Je suis une Licorne\" data-e-action-hash=\"#elementor-action%3Aaction%3Dlightbox%26settings%3DeyJpZCI6MTE3MCwidXJsIjoiaHR0cHM6XC9cL25pZ2xvLWRlc2lnbi5mclwvd3AtY29udGVudFwvdXBsb2Fkc1wvMjAyNlwvMDFcL2xpY29ybmUtZGV1eDA1LmpwZyIsInNsaWRlc2hvdyI6IjMxZDhhMzgifQ%3D%3D\">\n\t\t\t\t\t<div class=\"e-gallery-image elementor-gallery-item__image\" data-thumbnail=\"https:\/\/niglo-design.fr\/wp-content\/uploads\/2026\/01\/licorne-deux05-768x543.jpg\" data-width=\"768\" data-height=\"543\" aria-label=\"Je suis une Licorne\" role=\"img\" ><\/div>\n\t\t\t\t\t\t\t\t\t\t\t<div class=\"elementor-gallery-item__overlay\"><\/div>\n\t\t\t\t\t\t\t\t\t\t\t\t\t\t<\/a>\n\t\t\t\t\t\t\t<a class=\"e-gallery-item elementor-gallery-item elementor-animated-content\" href=\"https:\/\/niglo-design.fr\/wp-content\/uploads\/2026\/01\/discovery4.jpg\" data-elementor-open-lightbox=\"yes\" data-elementor-lightbox-slideshow=\"31d8a38\" data-elementor-lightbox-title=\"Discovery\" data-e-action-hash=\"#elementor-action%3Aaction%3Dlightbox%26settings%3DeyJpZCI6MTE1OSwidXJsIjoiaHR0cHM6XC9cL25pZ2xvLWRlc2lnbi5mclwvd3AtY29udGVudFwvdXBsb2Fkc1wvMjAyNlwvMDFcL2Rpc2NvdmVyeTQuanBnIiwic2xpZGVzaG93IjoiMzFkOGEzOCJ9\">\n\t\t\t\t\t<div class=\"e-gallery-image elementor-gallery-item__image\" data-thumbnail=\"https:\/\/niglo-design.fr\/wp-content\/uploads\/2026\/01\/discovery4-768x576.jpg\" data-width=\"768\" data-height=\"576\" aria-label=\"Discovery\" role=\"img\" ><\/div>\n\t\t\t\t\t\t\t\t\t\t\t<div class=\"elementor-gallery-item__overlay\"><\/div>\n\t\t\t\t\t\t\t\t\t\t\t\t\t\t<\/a>\n\t\t\t\t\t\t\t<a class=\"e-gallery-item elementor-gallery-item elementor-animated-content\" href=\"https:\/\/niglo-design.fr\/wp-content\/uploads\/2026\/01\/Tower-01_modifie-1.jpg\" data-elementor-open-lightbox=\"yes\" data-elementor-lightbox-slideshow=\"31d8a38\" data-elementor-lightbox-title=\"Tower Encato\" data-e-action-hash=\"#elementor-action%3Aaction%3Dlightbox%26settings%3DeyJpZCI6MTE3NSwidXJsIjoiaHR0cHM6XC9cL25pZ2xvLWRlc2lnbi5mclwvd3AtY29udGVudFwvdXBsb2Fkc1wvMjAyNlwvMDFcL1Rvd2VyLTAxX21vZGlmaWUtMS5qcGciLCJzbGlkZXNob3ciOiIzMWQ4YTM4In0%3D\">\n\t\t\t\t\t<div class=\"e-gallery-image elementor-gallery-item__image\" data-thumbnail=\"https:\/\/niglo-design.fr\/wp-content\/uploads\/2026\/01\/Tower-01_modifie-1-768x543.jpg\" data-width=\"768\" data-height=\"543\" aria-label=\"Tower Encato\" role=\"img\" ><\/div>\n\t\t\t\t\t\t\t\t\t\t\t<div class=\"elementor-gallery-item__overlay\"><\/div>\n\t\t\t\t\t\t\t\t\t\t\t\t\t\t<\/a>\n\t\t\t\t\t\t\t<a class=\"e-gallery-item elementor-gallery-item elementor-animated-content\" href=\"https:\/\/niglo-design.fr\/wp-content\/uploads\/2026\/01\/01-capt-5-scaled.jpg\" data-elementor-open-lightbox=\"yes\" data-elementor-lightbox-slideshow=\"31d8a38\" data-elementor-lightbox-title=\"Captain Futur\" data-e-action-hash=\"#elementor-action%3Aaction%3Dlightbox%26settings%3DeyJpZCI6MTE1MywidXJsIjoiaHR0cHM6XC9cL25pZ2xvLWRlc2lnbi5mclwvd3AtY29udGVudFwvdXBsb2Fkc1wvMjAyNlwvMDFcLzAxLWNhcHQtNS1zY2FsZWQuanBnIiwic2xpZGVzaG93IjoiMzFkOGEzOCJ9\">\n\t\t\t\t\t<div class=\"e-gallery-image elementor-gallery-item__image\" data-thumbnail=\"https:\/\/niglo-design.fr\/wp-content\/uploads\/2026\/01\/01-capt-5-768x1003.jpg\" data-width=\"768\" data-height=\"1003\" aria-label=\"Captain Futur\" role=\"img\" ><\/div>\n\t\t\t\t\t\t\t\t\t\t\t<div class=\"elementor-gallery-item__overlay\"><\/div>\n\t\t\t\t\t\t\t\t\t\t\t\t\t\t<\/a>\n\t\t\t\t\t\t\t<a class=\"e-gallery-item elementor-gallery-item elementor-animated-content\" href=\"https:\/\/niglo-design.fr\/wp-content\/uploads\/2026\/01\/Storm4.jpg\" data-elementor-open-lightbox=\"yes\" data-elementor-lightbox-slideshow=\"31d8a38\" data-elementor-lightbox-title=\"Tu es un H\u00e9ros ...\" data-e-action-hash=\"#elementor-action%3Aaction%3Dlightbox%26settings%3DeyJpZCI6MTE3NCwidXJsIjoiaHR0cHM6XC9cL25pZ2xvLWRlc2lnbi5mclwvd3AtY29udGVudFwvdXBsb2Fkc1wvMjAyNlwvMDFcL1N0b3JtNC5qcGciLCJzbGlkZXNob3ciOiIzMWQ4YTM4In0%3D\">\n\t\t\t\t\t<div class=\"e-gallery-image elementor-gallery-item__image\" data-thumbnail=\"https:\/\/niglo-design.fr\/wp-content\/uploads\/2026\/01\/Storm4-768x543.jpg\" data-width=\"768\" data-height=\"543\" aria-label=\"Tu es un H\u00e9ros ...\" role=\"img\" ><\/div>\n\t\t\t\t\t\t\t\t\t\t\t<div class=\"elementor-gallery-item__overlay\"><\/div>\n\t\t\t\t\t\t\t\t\t\t\t\t\t\t<\/a>\n\t\t\t\t\t\t\t<a class=\"e-gallery-item elementor-gallery-item elementor-animated-content\" href=\"https:\/\/niglo-design.fr\/wp-content\/uploads\/2026\/01\/Alice-aplat-4.jpg\" data-elementor-open-lightbox=\"yes\" data-elementor-lightbox-slideshow=\"31d8a38\" data-elementor-lightbox-title=\"L&#039;image dans l&#039;image\" data-e-action-hash=\"#elementor-action%3Aaction%3Dlightbox%26settings%3DeyJpZCI6MTE1NCwidXJsIjoiaHR0cHM6XC9cL25pZ2xvLWRlc2lnbi5mclwvd3AtY29udGVudFwvdXBsb2Fkc1wvMjAyNlwvMDFcL0FsaWNlLWFwbGF0LTQuanBnIiwic2xpZGVzaG93IjoiMzFkOGEzOCJ9\">\n\t\t\t\t\t<div class=\"e-gallery-image elementor-gallery-item__image\" data-thumbnail=\"https:\/\/niglo-design.fr\/wp-content\/uploads\/2026\/01\/Alice-aplat-4-768x506.jpg\" data-width=\"768\" data-height=\"506\" aria-label=\"L&#039;image dans l&#039;image\" role=\"img\" ><\/div>\n\t\t\t\t\t\t\t\t\t\t\t<div class=\"elementor-gallery-item__overlay\"><\/div>\n\t\t\t\t\t\t\t\t\t\t\t\t\t\t<\/a>\n\t\t\t\t\t\t\t<a class=\"e-gallery-item elementor-gallery-item elementor-animated-content\" href=\"https:\/\/niglo-design.fr\/wp-content\/uploads\/2026\/01\/nerd-attack-4-scaled.jpg\" data-elementor-open-lightbox=\"yes\" data-elementor-lightbox-slideshow=\"31d8a38\" data-elementor-lightbox-title=\"Nerd-Attack\" data-e-action-hash=\"#elementor-action%3Aaction%3Dlightbox%26settings%3DeyJpZCI6MTE3MSwidXJsIjoiaHR0cHM6XC9cL25pZ2xvLWRlc2lnbi5mclwvd3AtY29udGVudFwvdXBsb2Fkc1wvMjAyNlwvMDFcL25lcmQtYXR0YWNrLTQtc2NhbGVkLmpwZyIsInNsaWRlc2hvdyI6IjMxZDhhMzgifQ%3D%3D\">\n\t\t\t\t\t<div class=\"e-gallery-image elementor-gallery-item__image\" data-thumbnail=\"https:\/\/niglo-design.fr\/wp-content\/uploads\/2026\/01\/nerd-attack-4-768x1086.jpg\" data-width=\"768\" data-height=\"1086\" aria-label=\"Nerd-Attack\" role=\"img\" ><\/div>\n\t\t\t\t\t\t\t\t\t\t\t<div class=\"elementor-gallery-item__overlay\"><\/div>\n\t\t\t\t\t\t\t\t\t\t\t\t\t\t<\/a>\n\t\t\t\t\t\t\t<a class=\"e-gallery-item elementor-gallery-item elementor-animated-content\" href=\"https:\/\/niglo-design.fr\/wp-content\/uploads\/2026\/01\/Nota-death.jpg\" data-elementor-open-lightbox=\"yes\" data-elementor-lightbox-slideshow=\"31d8a38\" data-elementor-lightbox-title=\"Nota-death\" data-e-action-hash=\"#elementor-action%3Aaction%3Dlightbox%26settings%3DeyJpZCI6MTE3MiwidXJsIjoiaHR0cHM6XC9cL25pZ2xvLWRlc2lnbi5mclwvd3AtY29udGVudFwvdXBsb2Fkc1wvMjAyNlwvMDFcL05vdGEtZGVhdGguanBnIiwic2xpZGVzaG93IjoiMzFkOGEzOCJ9\">\n\t\t\t\t\t<div class=\"e-gallery-image elementor-gallery-item__image\" data-thumbnail=\"https:\/\/niglo-design.fr\/wp-content\/uploads\/2026\/01\/Nota-death-768x1021.jpg\" data-width=\"768\" data-height=\"1021\" aria-label=\"Nota-death\" role=\"img\" ><\/div>\n\t\t\t\t\t\t\t\t\t\t\t<div class=\"elementor-gallery-item__overlay\"><\/div>\n\t\t\t\t\t\t\t\t\t\t\t\t\t\t<\/a>\n\t\t\t\t\t\t\t<a class=\"e-gallery-item elementor-gallery-item elementor-animated-content\" href=\"https:\/\/niglo-design.fr\/wp-content\/uploads\/2026\/01\/clocher-03-scaled.jpg\" data-elementor-open-lightbox=\"yes\" data-elementor-lightbox-slideshow=\"31d8a38\" data-elementor-lightbox-title=\"Sa Gargouille\" data-e-action-hash=\"#elementor-action%3Aaction%3Dlightbox%26settings%3DeyJpZCI6MTE1NywidXJsIjoiaHR0cHM6XC9cL25pZ2xvLWRlc2lnbi5mclwvd3AtY29udGVudFwvdXBsb2Fkc1wvMjAyNlwvMDFcL2Nsb2NoZXItMDMtc2NhbGVkLmpwZyIsInNsaWRlc2hvdyI6IjMxZDhhMzgifQ%3D%3D\">\n\t\t\t\t\t<div class=\"e-gallery-image elementor-gallery-item__image\" data-thumbnail=\"https:\/\/niglo-design.fr\/wp-content\/uploads\/2026\/01\/clocher-03-768x1164.jpg\" data-width=\"768\" data-height=\"1164\" aria-label=\"Sa Gargouille\" role=\"img\" ><\/div>\n\t\t\t\t\t\t\t\t\t\t\t<div class=\"elementor-gallery-item__overlay\"><\/div>\n\t\t\t\t\t\t\t\t\t\t\t\t\t\t<\/a>\n\t\t\t\t\t\t\t<a class=\"e-gallery-item elementor-gallery-item elementor-animated-content\" href=\"https:\/\/niglo-design.fr\/wp-content\/uploads\/2026\/01\/opposition-scaled.jpg\" data-elementor-open-lightbox=\"yes\" data-elementor-lightbox-slideshow=\"31d8a38\" data-elementor-lightbox-title=\"Opposition\" data-e-action-hash=\"#elementor-action%3Aaction%3Dlightbox%26settings%3DeyJpZCI6MTE3MywidXJsIjoiaHR0cHM6XC9cL25pZ2xvLWRlc2lnbi5mclwvd3AtY29udGVudFwvdXBsb2Fkc1wvMjAyNlwvMDFcL29wcG9zaXRpb24tc2NhbGVkLmpwZyIsInNsaWRlc2hvdyI6IjMxZDhhMzgifQ%3D%3D\">\n\t\t\t\t\t<div class=\"e-gallery-image elementor-gallery-item__image\" data-thumbnail=\"https:\/\/niglo-design.fr\/wp-content\/uploads\/2026\/01\/opposition-768x1054.jpg\" data-width=\"768\" data-height=\"1054\" aria-label=\"Opposition\" role=\"img\" ><\/div>\n\t\t\t\t\t\t\t\t\t\t\t<div class=\"elementor-gallery-item__overlay\"><\/div>\n\t\t\t\t\t\t\t\t\t\t\t\t\t\t<\/a>\n\t\t\t\t\t\t\t<a class=\"e-gallery-item elementor-gallery-item elementor-animated-content\" href=\"https:\/\/niglo-design.fr\/wp-content\/uploads\/2026\/01\/death-vodka3-scaled.jpg\" data-elementor-open-lightbox=\"yes\" data-elementor-lightbox-slideshow=\"31d8a38\" data-elementor-lightbox-title=\"Death-Vodka\" data-e-action-hash=\"#elementor-action%3Aaction%3Dlightbox%26settings%3DeyJpZCI6MTE2NCwidXJsIjoiaHR0cHM6XC9cL25pZ2xvLWRlc2lnbi5mclwvd3AtY29udGVudFwvdXBsb2Fkc1wvMjAyNlwvMDFcL2RlYXRoLXZvZGthMy1zY2FsZWQuanBnIiwic2xpZGVzaG93IjoiMzFkOGEzOCJ9\">\n\t\t\t\t\t<div class=\"e-gallery-image elementor-gallery-item__image\" data-thumbnail=\"https:\/\/niglo-design.fr\/wp-content\/uploads\/2026\/01\/death-vodka3-768x1058.jpg\" data-width=\"768\" data-height=\"1058\" aria-label=\"Death-Vodka\" role=\"img\" ><\/div>\n\t\t\t\t\t\t\t\t\t\t\t<div class=\"elementor-gallery-item__overlay\"><\/div>\n\t\t\t\t\t\t\t\t\t\t\t\t\t\t<\/a>\n\t\t\t\t\t\t\t<a class=\"e-gallery-item elementor-gallery-item elementor-animated-content\" href=\"https:\/\/niglo-design.fr\/wp-content\/uploads\/2026\/01\/bsj-scaled.jpg\" data-elementor-open-lightbox=\"yes\" data-elementor-lightbox-slideshow=\"31d8a38\" data-elementor-lightbox-title=\"Bullshit Job\" data-e-action-hash=\"#elementor-action%3Aaction%3Dlightbox%26settings%3DeyJpZCI6MTE1NSwidXJsIjoiaHR0cHM6XC9cL25pZ2xvLWRlc2lnbi5mclwvd3AtY29udGVudFwvdXBsb2Fkc1wvMjAyNlwvMDFcL2Jzai1zY2FsZWQuanBnIiwic2xpZGVzaG93IjoiMzFkOGEzOCJ9\">\n\t\t\t\t\t<div class=\"e-gallery-image elementor-gallery-item__image\" data-thumbnail=\"https:\/\/niglo-design.fr\/wp-content\/uploads\/2026\/01\/bsj-768x1086.jpg\" data-width=\"768\" data-height=\"1086\" aria-label=\"Bullshit Job\" role=\"img\" ><\/div>\n\t\t\t\t\t\t\t\t\t\t\t<div class=\"elementor-gallery-item__overlay\"><\/div>\n\t\t\t\t\t\t\t\t\t\t\t\t\t\t<\/a>\n\t\t\t\t\t\t\t<a class=\"e-gallery-item elementor-gallery-item elementor-animated-content\" href=\"https:\/\/niglo-design.fr\/wp-content\/uploads\/2026\/01\/fsa-3-scaled.jpg\" data-elementor-open-lightbox=\"yes\" data-elementor-lightbox-slideshow=\"31d8a38\" data-elementor-lightbox-title=\"Flying Sauce\" data-e-action-hash=\"#elementor-action%3Aaction%3Dlightbox%26settings%3DeyJpZCI6MTE2MywidXJsIjoiaHR0cHM6XC9cL25pZ2xvLWRlc2lnbi5mclwvd3AtY29udGVudFwvdXBsb2Fkc1wvMjAyNlwvMDFcL2ZzYS0zLXNjYWxlZC5qcGciLCJzbGlkZXNob3ciOiIzMWQ4YTM4In0%3D\">\n\t\t\t\t\t<div class=\"e-gallery-image elementor-gallery-item__image\" data-thumbnail=\"https:\/\/niglo-design.fr\/wp-content\/uploads\/2026\/01\/fsa-3-768x1086.jpg\" data-width=\"768\" data-height=\"1086\" aria-label=\"Flying Sauce\" role=\"img\" ><\/div>\n\t\t\t\t\t\t\t\t\t\t\t<div class=\"elementor-gallery-item__overlay\"><\/div>\n\t\t\t\t\t\t\t\t\t\t\t\t\t\t<\/a>\n\t\t\t\t\t\t\t<a class=\"e-gallery-item elementor-gallery-item elementor-animated-content\" href=\"https:\/\/niglo-design.fr\/wp-content\/uploads\/2026\/01\/capital-mag01-scaled.jpg\" data-elementor-open-lightbox=\"yes\" data-elementor-lightbox-slideshow=\"31d8a38\" data-elementor-lightbox-title=\"capital-mag\" data-e-action-hash=\"#elementor-action%3Aaction%3Dlightbox%26settings%3DeyJpZCI6MTE1NiwidXJsIjoiaHR0cHM6XC9cL25pZ2xvLWRlc2lnbi5mclwvd3AtY29udGVudFwvdXBsb2Fkc1wvMjAyNlwvMDFcL2NhcGl0YWwtbWFnMDEtc2NhbGVkLmpwZyIsInNsaWRlc2hvdyI6IjMxZDhhMzgifQ%3D%3D\">\n\t\t\t\t\t<div class=\"e-gallery-image elementor-gallery-item__image\" data-thumbnail=\"https:\/\/niglo-design.fr\/wp-content\/uploads\/2026\/01\/capital-mag01-768x1072.jpg\" data-width=\"768\" data-height=\"1072\" aria-label=\"capital-mag\" role=\"img\" ><\/div>\n\t\t\t\t\t\t\t\t\t\t\t<div class=\"elementor-gallery-item__overlay\"><\/div>\n\t\t\t\t\t\t\t\t\t\t\t\t\t\t<\/a>\n\t\t\t\t\t\t\t<a class=\"e-gallery-item elementor-gallery-item elementor-animated-content\" href=\"https:\/\/niglo-design.fr\/wp-content\/uploads\/2026\/01\/valeurmodele-bon02-scaled.jpg\" data-elementor-open-lightbox=\"yes\" data-elementor-lightbox-slideshow=\"31d8a38\" data-elementor-lightbox-title=\"Valeur d\u00e9tourn\u00e9e\" data-e-action-hash=\"#elementor-action%3Aaction%3Dlightbox%26settings%3DeyJpZCI6MTE3NiwidXJsIjoiaHR0cHM6XC9cL25pZ2xvLWRlc2lnbi5mclwvd3AtY29udGVudFwvdXBsb2Fkc1wvMjAyNlwvMDFcL3ZhbGV1cm1vZGVsZS1ib24wMi1zY2FsZWQuanBnIiwic2xpZGVzaG93IjoiMzFkOGEzOCJ9\">\n\t\t\t\t\t<div class=\"e-gallery-image elementor-gallery-item__image\" data-thumbnail=\"https:\/\/niglo-design.fr\/wp-content\/uploads\/2026\/01\/valeurmodele-bon02-768x1072.jpg\" data-width=\"768\" data-height=\"1072\" aria-label=\"Valeur d\u00e9tourn\u00e9e\" role=\"img\" ><\/div>\n\t\t\t\t\t\t\t\t\t\t\t<div class=\"elementor-gallery-item__overlay\"><\/div>\n\t\t\t\t\t\t\t\t\t\t\t\t\t\t<\/a>\n\t\t\t\t\t\t\t<a class=\"e-gallery-item elementor-gallery-item elementor-animated-content\" href=\"https:\/\/niglo-design.fr\/wp-content\/uploads\/2026\/01\/war-child-b-scaled.jpg\" data-elementor-open-lightbox=\"yes\" data-elementor-lightbox-slideshow=\"31d8a38\" data-elementor-lightbox-title=\"War-Child\" data-e-action-hash=\"#elementor-action%3Aaction%3Dlightbox%26settings%3DeyJpZCI6MTE3NywidXJsIjoiaHR0cHM6XC9cL25pZ2xvLWRlc2lnbi5mclwvd3AtY29udGVudFwvdXBsb2Fkc1wvMjAyNlwvMDFcL3dhci1jaGlsZC1iLXNjYWxlZC5qcGciLCJzbGlkZXNob3ciOiIzMWQ4YTM4In0%3D\">\n\t\t\t\t\t<div class=\"e-gallery-image elementor-gallery-item__image\" data-thumbnail=\"https:\/\/niglo-design.fr\/wp-content\/uploads\/2026\/01\/war-child-b-768x1086.jpg\" data-width=\"768\" data-height=\"1086\" aria-label=\"War-Child\" role=\"img\" ><\/div>\n\t\t\t\t\t\t\t\t\t\t\t<div class=\"elementor-gallery-item__overlay\"><\/div>\n\t\t\t\t\t\t\t\t\t\t\t\t\t\t<\/a>\n\t\t\t\t\t<\/div>\n\t\t\t\t\t<\/div>\n\t\t\t\t\t<\/div>\n\t\t\t\t<\/div>\n\t\t<div class=\"elementor-element elementor-element-c01c00c e-flex e-con-boxed e-con e-parent\" data-id=\"c01c00c\" data-element_type=\"container\" data-e-type=\"container\" data-settings=\"{&quot;background_background&quot;:&quot;classic&quot;}\">\n\t\t\t\t\t<div class=\"e-con-inner\">\n\t\t\t\t<div class=\"elementor-element elementor-element-f6c5639 elementor-widget elementor-widget-text-editor\" data-id=\"f6c5639\" data-element_type=\"widget\" data-e-type=\"widget\" data-widget_type=\"text-editor.default\">\n\t\t\t\t\t\t\t\t\t<p style=\"text-align: center;\"><em>N&rsquo;h\u00e9sitez pas \u00e0 me contacter pour discuter de vos projets et explorer comment je peux vous aider \u00e0 donner vie \u00e0 vos id\u00e9es !<\/em><\/p><p style=\"text-align: center;\"><em><strong>Merci de votre visite et confiance<\/strong><\/em><\/p><p style=\"text-align: center;\"><a href=\"https:\/\/niglo-design.fr\/index.php\/contact\/\"><strong>CONTACT<\/strong><\/a><\/p>\t\t\t\t\t\t\t\t<\/div>\n\t\t\t\t\t<\/div>\n\t\t\t\t<\/div>\n\t\t\t\t<\/div>\n\t\t","protected":false},"excerpt":{"rendered":"<p>Illustratextes Galerie d\u00e9di\u00e9, \u00e0 mes repr\u00e9sentations graphiques de la mise en page. Encore un terrain de jeux, au-del\u00e0 de la [&hellip;]<\/p>\n","protected":false},"author":1,"featured_media":0,"parent":0,"menu_order":0,"comment_status":"closed","ping_status":"closed","template":"","meta":{"site-sidebar-layout":"no-sidebar","site-content-layout":"","ast-site-content-layout":"full-width-container","site-content-style":"default","site-sidebar-style":"default","ast-global-header-display":"","ast-banner-title-visibility":"","ast-main-header-display":"","ast-hfb-above-header-display":"","ast-hfb-below-header-display":"","ast-hfb-mobile-header-display":"","site-post-title":"disabled","ast-breadcrumbs-content":"","ast-featured-img":"disabled","footer-sml-layout":"","ast-disable-related-posts":"","theme-transparent-header-meta":"","adv-header-id-meta":"","stick-header-meta":"","header-above-stick-meta":"","header-main-stick-meta":"","header-below-stick-meta":"","astra-migrate-meta-layouts":"default","ast-page-background-enabled":"default","ast-page-background-meta":{"desktop":{"background-color":"var(--ast-global-color-5)","background-image":"","background-repeat":"repeat","background-position":"center center","background-size":"auto","background-attachment":"scroll","background-type":"","background-media":"","overlay-type":"","overlay-color":"","overlay-opacity":"","overlay-gradient":""},"tablet":{"background-color":"","background-image":"","background-repeat":"repeat","background-position":"center center","background-size":"auto","background-attachment":"scroll","background-type":"","background-media":"","overlay-type":"","overlay-color":"","overlay-opacity":"","overlay-gradient":""},"mobile":{"background-color":"","background-image":"","background-repeat":"repeat","background-position":"center center","background-size":"auto","background-attachment":"scroll","background-type":"","background-media":"","overlay-type":"","overlay-color":"","overlay-opacity":"","overlay-gradient":""}},"ast-content-background-meta":{"desktop":{"background-color":"var(--ast-global-color-4)","background-image":"","background-repeat":"repeat","background-position":"center center","background-size":"auto","background-attachment":"scroll","background-type":"","background-media":"","overlay-type":"","overlay-color":"","overlay-opacity":"","overlay-gradient":""},"tablet":{"background-color":"var(--ast-global-color-4)","background-image":"","background-repeat":"repeat","background-position":"center center","background-size":"auto","background-attachment":"scroll","background-type":"","background-media":"","overlay-type":"","overlay-color":"","overlay-opacity":"","overlay-gradient":""},"mobile":{"background-color":"var(--ast-global-color-4)","background-image":"","background-repeat":"repeat","background-position":"center center","background-size":"auto","background-attachment":"scroll","background-type":"","background-media":"","overlay-type":"","overlay-color":"","overlay-opacity":"","overlay-gradient":""}},"footnotes":""},"class_list":["post-1128","page","type-page","status-publish","hentry"],"_links":{"self":[{"href":"https:\/\/niglo-design.fr\/index.php\/wp-json\/wp\/v2\/pages\/1128","targetHints":{"allow":["GET"]}}],"collection":[{"href":"https:\/\/niglo-design.fr\/index.php\/wp-json\/wp\/v2\/pages"}],"about":[{"href":"https:\/\/niglo-design.fr\/index.php\/wp-json\/wp\/v2\/types\/page"}],"author":[{"embeddable":true,"href":"https:\/\/niglo-design.fr\/index.php\/wp-json\/wp\/v2\/users\/1"}],"replies":[{"embeddable":true,"href":"https:\/\/niglo-design.fr\/index.php\/wp-json\/wp\/v2\/comments?post=1128"}],"version-history":[{"count":37,"href":"https:\/\/niglo-design.fr\/index.php\/wp-json\/wp\/v2\/pages\/1128\/revisions"}],"predecessor-version":[{"id":2582,"href":"https:\/\/niglo-design.fr\/index.php\/wp-json\/wp\/v2\/pages\/1128\/revisions\/2582"}],"wp:attachment":[{"href":"https:\/\/niglo-design.fr\/index.php\/wp-json\/wp\/v2\/media?parent=1128"}],"curies":[{"name":"wp","href":"https:\/\/api.w.org\/{rel}","templated":true}]}}