{"id":1038,"date":"2026-01-29T07:59:43","date_gmt":"2026-01-29T07:59:43","guid":{"rendered":"https:\/\/niglo-design.fr\/?page_id=1038"},"modified":"2026-03-18T20:41:39","modified_gmt":"2026-03-18T20:41:39","slug":"evolution","status":"publish","type":"page","link":"https:\/\/niglo-design.fr\/index.php\/evolution\/","title":{"rendered":"Evolution"},"content":{"rendered":"\t\t<div data-elementor-type=\"wp-page\" data-elementor-id=\"1038\" class=\"elementor elementor-1038\" data-elementor-post-type=\"page\">\n\t\t\t\t<div class=\"elementor-element elementor-element-2d3b654 e-flex e-con-boxed e-con e-parent\" data-id=\"2d3b654\" data-element_type=\"container\" data-e-type=\"container\" data-settings=\"{&quot;background_background&quot;:&quot;classic&quot;}\">\n\t\t\t\t\t<div class=\"e-con-inner\">\n\t\t\t\t<div class=\"elementor-element elementor-element-be025b5 elementor-widget elementor-widget-heading\" data-id=\"be025b5\" data-element_type=\"widget\" data-e-type=\"widget\" data-widget_type=\"heading.default\">\n\t\t\t\t\t<h2 class=\"elementor-heading-title elementor-size-default\">Evolutions<\/h2>\t\t\t\t<\/div>\n\t\t\t\t<div class=\"elementor-element elementor-element-de94ddf elementor-drop-cap-yes elementor-drop-cap-view-default elementor-widget elementor-widget-text-editor\" data-id=\"de94ddf\" data-element_type=\"widget\" data-e-type=\"widget\" data-settings=\"{&quot;drop_cap&quot;:&quot;yes&quot;}\" data-widget_type=\"text-editor.default\">\n\t\t\t\t\t\t\t\t\t<p>Dans cette galerie j\u2019y expose l\u2019\u00e9volution de mon image. Depuis le d\u00e9but de ma carri\u00e8re je n\u2019ai cess\u00e9 de concevoir ma propre charte graphique. Chose plus facile \u00e0 faire pour d\u2019autre plus que pour sois. J\u2019ai mon identit\u00e9, et j\u2019ai cr\u00e9er cette galerie comme son nom l\u2019indique pour montrer au fil du temps comment on travaille sur son image. Il est probable que dans le futur quand je retrouverais d\u2019autre travaux plus anciens que je les montrerais, cette galerie n\u2019a pas finis d\u2019\u00e9voluer. \ud83d\ude42<\/p><p>Fr\u00e9d\u00e9ric Fouch\u00e9.<\/p>\t\t\t\t\t\t\t\t<\/div>\n\t\t\t\t\t<\/div>\n\t\t\t\t<\/div>\n\t\t<div class=\"elementor-element elementor-element-01f7595 e-flex e-con-boxed e-con e-parent\" data-id=\"01f7595\" data-element_type=\"container\" data-e-type=\"container\" data-settings=\"{&quot;background_background&quot;:&quot;classic&quot;}\">\n\t\t\t\t\t<div class=\"e-con-inner\">\n\t\t\t\t<div class=\"elementor-element elementor-element-06a8bca elementor-widget elementor-widget-gallery\" data-id=\"06a8bca\" data-element_type=\"widget\" data-e-type=\"widget\" data-settings=\"{&quot;aspect_ratio&quot;:&quot;4:3&quot;,&quot;lazyload&quot;:&quot;yes&quot;,&quot;gallery_layout&quot;:&quot;grid&quot;,&quot;columns&quot;:4,&quot;columns_tablet&quot;:2,&quot;columns_mobile&quot;:1,&quot;gap&quot;:{&quot;unit&quot;:&quot;px&quot;,&quot;size&quot;:10,&quot;sizes&quot;:[]},&quot;gap_tablet&quot;:{&quot;unit&quot;:&quot;px&quot;,&quot;size&quot;:10,&quot;sizes&quot;:[]},&quot;gap_mobile&quot;:{&quot;unit&quot;:&quot;px&quot;,&quot;size&quot;:10,&quot;sizes&quot;:[]},&quot;link_to&quot;:&quot;file&quot;,&quot;overlay_background&quot;:&quot;yes&quot;,&quot;content_hover_animation&quot;:&quot;fade-in&quot;}\" data-widget_type=\"gallery.default\">\n\t\t\t\t\t\t\t<div class=\"elementor-gallery__container\">\n\t\t\t\t\t\t\t<a class=\"e-gallery-item elementor-gallery-item elementor-animated-content\" href=\"https:\/\/niglo-design.fr\/wp-content\/uploads\/2026\/01\/anou_jean.jpg\" data-elementor-open-lightbox=\"yes\" data-elementor-lightbox-slideshow=\"06a8bca\" data-elementor-lightbox-title=\"anou_jean\" data-e-action-hash=\"#elementor-action%3Aaction%3Dlightbox%26settings%3DeyJpZCI6MTA2OSwidXJsIjoiaHR0cHM6XC9cL25pZ2xvLWRlc2lnbi5mclwvd3AtY29udGVudFwvdXBsb2Fkc1wvMjAyNlwvMDFcL2Fub3VfamVhbi5qcGciLCJzbGlkZXNob3ciOiIwNmE4YmNhIn0%3D\">\n\t\t\t\t\t<div class=\"e-gallery-image elementor-gallery-item__image\" data-thumbnail=\"https:\/\/niglo-design.fr\/wp-content\/uploads\/2026\/01\/anou_jean-768x472.jpg\" data-width=\"768\" data-height=\"472\" aria-label=\"anou_jean\" role=\"img\" ><\/div>\n\t\t\t\t\t\t\t\t\t\t\t<div class=\"elementor-gallery-item__overlay\"><\/div>\n\t\t\t\t\t\t\t\t\t\t\t\t\t\t<\/a>\n\t\t\t\t\t\t\t<a class=\"e-gallery-item elementor-gallery-item elementor-animated-content\" href=\"https:\/\/niglo-design.fr\/wp-content\/uploads\/2026\/01\/carte-viste-scaled.jpg\" data-elementor-open-lightbox=\"yes\" data-elementor-lightbox-slideshow=\"06a8bca\" data-elementor-lightbox-title=\"carte-viste\" data-e-action-hash=\"#elementor-action%3Aaction%3Dlightbox%26settings%3DeyJpZCI6MTA3MCwidXJsIjoiaHR0cHM6XC9cL25pZ2xvLWRlc2lnbi5mclwvd3AtY29udGVudFwvdXBsb2Fkc1wvMjAyNlwvMDFcL2NhcnRlLXZpc3RlLXNjYWxlZC5qcGciLCJzbGlkZXNob3ciOiIwNmE4YmNhIn0%3D\">\n\t\t\t\t\t<div class=\"e-gallery-image elementor-gallery-item__image\" data-thumbnail=\"https:\/\/niglo-design.fr\/wp-content\/uploads\/2026\/01\/carte-viste-768x427.jpg\" data-width=\"768\" data-height=\"427\" aria-label=\"carte-viste\" role=\"img\" ><\/div>\n\t\t\t\t\t\t\t\t\t\t\t<div class=\"elementor-gallery-item__overlay\"><\/div>\n\t\t\t\t\t\t\t\t\t\t\t\t\t\t<\/a>\n\t\t\t\t\t\t\t<a class=\"e-gallery-item elementor-gallery-item elementor-animated-content\" href=\"https:\/\/niglo-design.fr\/wp-content\/uploads\/2026\/01\/logo_modifie.jpg\" data-elementor-open-lightbox=\"yes\" data-elementor-lightbox-slideshow=\"06a8bca\" data-elementor-lightbox-title=\"logo_modifi\u00e9\" data-e-action-hash=\"#elementor-action%3Aaction%3Dlightbox%26settings%3DeyJpZCI6MTA3MSwidXJsIjoiaHR0cHM6XC9cL25pZ2xvLWRlc2lnbi5mclwvd3AtY29udGVudFwvdXBsb2Fkc1wvMjAyNlwvMDFcL2xvZ29fbW9kaWZpZS5qcGciLCJzbGlkZXNob3ciOiIwNmE4YmNhIn0%3D\">\n\t\t\t\t\t<div class=\"e-gallery-image elementor-gallery-item__image\" data-thumbnail=\"https:\/\/niglo-design.fr\/wp-content\/uploads\/2026\/01\/logo_modifie-768x576.jpg\" data-width=\"768\" data-height=\"576\" aria-label=\"logo_modifi\u00e9\" role=\"img\" ><\/div>\n\t\t\t\t\t\t\t\t\t\t\t<div class=\"elementor-gallery-item__overlay\"><\/div>\n\t\t\t\t\t\t\t\t\t\t\t\t\t\t<\/a>\n\t\t\t\t\t\t\t<a class=\"e-gallery-item elementor-gallery-item elementor-animated-content\" href=\"https:\/\/niglo-design.fr\/wp-content\/uploads\/2026\/01\/logo-Poster5-fuz-scaled.jpg\" data-elementor-open-lightbox=\"yes\" data-elementor-lightbox-slideshow=\"06a8bca\" data-elementor-lightbox-title=\"logo-Poster5-fuz\" data-e-action-hash=\"#elementor-action%3Aaction%3Dlightbox%26settings%3DeyJpZCI6MTA3NCwidXJsIjoiaHR0cHM6XC9cL25pZ2xvLWRlc2lnbi5mclwvd3AtY29udGVudFwvdXBsb2Fkc1wvMjAyNlwvMDFcL2xvZ28tUG9zdGVyNS1mdXotc2NhbGVkLmpwZyIsInNsaWRlc2hvdyI6IjA2YThiY2EifQ%3D%3D\">\n\t\t\t\t\t<div class=\"e-gallery-image elementor-gallery-item__image\" data-thumbnail=\"https:\/\/niglo-design.fr\/wp-content\/uploads\/2026\/01\/logo-Poster5-fuz-768x1063.jpg\" data-width=\"768\" data-height=\"1063\" aria-label=\"logo-Poster5-fuz\" role=\"img\" ><\/div>\n\t\t\t\t\t\t\t\t\t\t\t<div class=\"elementor-gallery-item__overlay\"><\/div>\n\t\t\t\t\t\t\t\t\t\t\t\t\t\t<\/a>\n\t\t\t\t\t\t\t<a class=\"e-gallery-item elementor-gallery-item elementor-animated-content\" href=\"https:\/\/niglo-design.fr\/wp-content\/uploads\/2026\/01\/logo-Posterfuz-scaled.jpg\" data-elementor-open-lightbox=\"yes\" data-elementor-lightbox-slideshow=\"06a8bca\" data-elementor-lightbox-title=\"logo-Posterfuz\" data-e-action-hash=\"#elementor-action%3Aaction%3Dlightbox%26settings%3DeyJpZCI6MTA3NSwidXJsIjoiaHR0cHM6XC9cL25pZ2xvLWRlc2lnbi5mclwvd3AtY29udGVudFwvdXBsb2Fkc1wvMjAyNlwvMDFcL2xvZ28tUG9zdGVyZnV6LXNjYWxlZC5qcGciLCJzbGlkZXNob3ciOiIwNmE4YmNhIn0%3D\">\n\t\t\t\t\t<div class=\"e-gallery-image elementor-gallery-item__image\" data-thumbnail=\"https:\/\/niglo-design.fr\/wp-content\/uploads\/2026\/01\/logo-Posterfuz-768x1063.jpg\" data-width=\"768\" data-height=\"1063\" aria-label=\"logo-Posterfuz\" role=\"img\" ><\/div>\n\t\t\t\t\t\t\t\t\t\t\t<div class=\"elementor-gallery-item__overlay\"><\/div>\n\t\t\t\t\t\t\t\t\t\t\t\t\t\t<\/a>\n\t\t\t\t\t\t\t<a class=\"e-gallery-item elementor-gallery-item elementor-animated-content\" href=\"https:\/\/niglo-design.fr\/wp-content\/uploads\/2026\/01\/logo-Poster2fuzz-scaled.jpg\" data-elementor-open-lightbox=\"yes\" data-elementor-lightbox-slideshow=\"06a8bca\" data-elementor-lightbox-title=\"logo-Poster2fuzz\" data-e-action-hash=\"#elementor-action%3Aaction%3Dlightbox%26settings%3DeyJpZCI6MTA3MywidXJsIjoiaHR0cHM6XC9cL25pZ2xvLWRlc2lnbi5mclwvd3AtY29udGVudFwvdXBsb2Fkc1wvMjAyNlwvMDFcL2xvZ28tUG9zdGVyMmZ1enotc2NhbGVkLmpwZyIsInNsaWRlc2hvdyI6IjA2YThiY2EifQ%3D%3D\">\n\t\t\t\t\t<div class=\"e-gallery-image elementor-gallery-item__image\" data-thumbnail=\"https:\/\/niglo-design.fr\/wp-content\/uploads\/2026\/01\/logo-Poster2fuzz-768x1063.jpg\" data-width=\"768\" data-height=\"1063\" aria-label=\"logo-Poster2fuzz\" role=\"img\" ><\/div>\n\t\t\t\t\t\t\t\t\t\t\t<div class=\"elementor-gallery-item__overlay\"><\/div>\n\t\t\t\t\t\t\t\t\t\t\t\t\t\t<\/a>\n\t\t\t\t\t\t\t<a class=\"e-gallery-item elementor-gallery-item elementor-animated-content\" href=\"https:\/\/niglo-design.fr\/wp-content\/uploads\/2026\/01\/Vers-niglo1.jpg\" data-elementor-open-lightbox=\"yes\" data-elementor-lightbox-slideshow=\"06a8bca\" data-elementor-lightbox-title=\"Vers-niglo1\" data-e-action-hash=\"#elementor-action%3Aaction%3Dlightbox%26settings%3DeyJpZCI6MTA3NywidXJsIjoiaHR0cHM6XC9cL25pZ2xvLWRlc2lnbi5mclwvd3AtY29udGVudFwvdXBsb2Fkc1wvMjAyNlwvMDFcL1ZlcnMtbmlnbG8xLmpwZyIsInNsaWRlc2hvdyI6IjA2YThiY2EifQ%3D%3D\">\n\t\t\t\t\t<div class=\"e-gallery-image elementor-gallery-item__image\" data-thumbnail=\"https:\/\/niglo-design.fr\/wp-content\/uploads\/2026\/01\/Vers-niglo1-768x1086.jpg\" data-width=\"768\" data-height=\"1086\" aria-label=\"Vers-niglo1\" role=\"img\" ><\/div>\n\t\t\t\t\t\t\t\t\t\t\t<div class=\"elementor-gallery-item__overlay\"><\/div>\n\t\t\t\t\t\t\t\t\t\t\t\t\t\t<\/a>\n\t\t\t\t\t\t\t<a class=\"e-gallery-item elementor-gallery-item elementor-animated-content\" href=\"https:\/\/niglo-design.fr\/wp-content\/uploads\/2026\/01\/Vers-niglo1CV.jpg\" data-elementor-open-lightbox=\"yes\" data-elementor-lightbox-slideshow=\"06a8bca\" data-elementor-lightbox-title=\"Vers-niglo1CV\" data-e-action-hash=\"#elementor-action%3Aaction%3Dlightbox%26settings%3DeyJpZCI6MTA3OCwidXJsIjoiaHR0cHM6XC9cL25pZ2xvLWRlc2lnbi5mclwvd3AtY29udGVudFwvdXBsb2Fkc1wvMjAyNlwvMDFcL1ZlcnMtbmlnbG8xQ1YuanBnIiwic2xpZGVzaG93IjoiMDZhOGJjYSJ9\">\n\t\t\t\t\t<div class=\"e-gallery-image elementor-gallery-item__image\" data-thumbnail=\"https:\/\/niglo-design.fr\/wp-content\/uploads\/2026\/01\/Vers-niglo1CV-768x509.jpg\" data-width=\"768\" data-height=\"509\" aria-label=\"Vers-niglo1CV\" role=\"img\" ><\/div>\n\t\t\t\t\t\t\t\t\t\t\t<div class=\"elementor-gallery-item__overlay\"><\/div>\n\t\t\t\t\t\t\t\t\t\t\t\t\t\t<\/a>\n\t\t\t\t\t\t\t<a class=\"e-gallery-item elementor-gallery-item elementor-animated-content\" href=\"https:\/\/niglo-design.fr\/wp-content\/uploads\/2026\/01\/Vers-niglo1cv-re.jpg\" data-elementor-open-lightbox=\"yes\" data-elementor-lightbox-slideshow=\"06a8bca\" data-elementor-lightbox-title=\"Vers-niglo1cv-re\" data-e-action-hash=\"#elementor-action%3Aaction%3Dlightbox%26settings%3DeyJpZCI6MTA3OSwidXJsIjoiaHR0cHM6XC9cL25pZ2xvLWRlc2lnbi5mclwvd3AtY29udGVudFwvdXBsb2Fkc1wvMjAyNlwvMDFcL1ZlcnMtbmlnbG8xY3YtcmUuanBnIiwic2xpZGVzaG93IjoiMDZhOGJjYSJ9\">\n\t\t\t\t\t<div class=\"e-gallery-image elementor-gallery-item__image\" data-thumbnail=\"https:\/\/niglo-design.fr\/wp-content\/uploads\/2026\/01\/Vers-niglo1cv-re-768x509.jpg\" data-width=\"768\" data-height=\"509\" aria-label=\"Vers-niglo1cv-re\" role=\"img\" ><\/div>\n\t\t\t\t\t\t\t\t\t\t\t<div class=\"elementor-gallery-item__overlay\"><\/div>\n\t\t\t\t\t\t\t\t\t\t\t\t\t\t<\/a>\n\t\t\t\t\t\t\t<a class=\"e-gallery-item elementor-gallery-item elementor-animated-content\" href=\"https:\/\/niglo-design.fr\/wp-content\/uploads\/2026\/01\/Vers-niglo2.jpg\" data-elementor-open-lightbox=\"yes\" data-elementor-lightbox-slideshow=\"06a8bca\" data-elementor-lightbox-title=\"Vers-niglo2\" data-e-action-hash=\"#elementor-action%3Aaction%3Dlightbox%26settings%3DeyJpZCI6MTA4MCwidXJsIjoiaHR0cHM6XC9cL25pZ2xvLWRlc2lnbi5mclwvd3AtY29udGVudFwvdXBsb2Fkc1wvMjAyNlwvMDFcL1ZlcnMtbmlnbG8yLmpwZyIsInNsaWRlc2hvdyI6IjA2YThiY2EifQ%3D%3D\">\n\t\t\t\t\t<div class=\"e-gallery-image elementor-gallery-item__image\" data-thumbnail=\"https:\/\/niglo-design.fr\/wp-content\/uploads\/2026\/01\/Vers-niglo2.jpg\" data-width=\"500\" data-height=\"500\" aria-label=\"Vers-niglo2\" role=\"img\" ><\/div>\n\t\t\t\t\t\t\t\t\t\t\t<div class=\"elementor-gallery-item__overlay\"><\/div>\n\t\t\t\t\t\t\t\t\t\t\t\t\t\t<\/a>\n\t\t\t\t\t\t\t<a class=\"e-gallery-item elementor-gallery-item elementor-animated-content\" href=\"https:\/\/niglo-design.fr\/wp-content\/uploads\/2026\/01\/Vers-niglo2NCG.jpg\" data-elementor-open-lightbox=\"yes\" data-elementor-lightbox-slideshow=\"06a8bca\" data-elementor-lightbox-title=\"Vers-niglo2NCG\" data-e-action-hash=\"#elementor-action%3Aaction%3Dlightbox%26settings%3DeyJpZCI6MTA4MSwidXJsIjoiaHR0cHM6XC9cL25pZ2xvLWRlc2lnbi5mclwvd3AtY29udGVudFwvdXBsb2Fkc1wvMjAyNlwvMDFcL1ZlcnMtbmlnbG8yTkNHLmpwZyIsInNsaWRlc2hvdyI6IjA2YThiY2EifQ%3D%3D\">\n\t\t\t\t\t<div class=\"e-gallery-image elementor-gallery-item__image\" data-thumbnail=\"https:\/\/niglo-design.fr\/wp-content\/uploads\/2026\/01\/Vers-niglo2NCG-768x432.jpg\" data-width=\"768\" data-height=\"432\" aria-label=\"Vers-niglo2NCG\" role=\"img\" ><\/div>\n\t\t\t\t\t\t\t\t\t\t\t<div class=\"elementor-gallery-item__overlay\"><\/div>\n\t\t\t\t\t\t\t\t\t\t\t\t\t\t<\/a>\n\t\t\t\t\t\t\t<a class=\"e-gallery-item elementor-gallery-item elementor-animated-content\" href=\"https:\/\/niglo-design.fr\/wp-content\/uploads\/2026\/01\/Niglo-world.jpg\" data-elementor-open-lightbox=\"yes\" data-elementor-lightbox-slideshow=\"06a8bca\" data-elementor-lightbox-title=\"Niglo-world\" data-e-action-hash=\"#elementor-action%3Aaction%3Dlightbox%26settings%3DeyJpZCI6MTA3NiwidXJsIjoiaHR0cHM6XC9cL25pZ2xvLWRlc2lnbi5mclwvd3AtY29udGVudFwvdXBsb2Fkc1wvMjAyNlwvMDFcL05pZ2xvLXdvcmxkLmpwZyIsInNsaWRlc2hvdyI6IjA2YThiY2EifQ%3D%3D\">\n\t\t\t\t\t<div class=\"e-gallery-image elementor-gallery-item__image\" data-thumbnail=\"https:\/\/niglo-design.fr\/wp-content\/uploads\/2026\/01\/Niglo-world-768x540.jpg\" data-width=\"768\" data-height=\"540\" aria-label=\"Niglo-world\" role=\"img\" ><\/div>\n\t\t\t\t\t\t\t\t\t\t\t<div class=\"elementor-gallery-item__overlay\"><\/div>\n\t\t\t\t\t\t\t\t\t\t\t\t\t\t<\/a>\n\t\t\t\t\t<\/div>\n\t\t\t\t\t<\/div>\n\t\t\t\t\t<\/div>\n\t\t\t\t<\/div>\n\t\t<div class=\"elementor-element elementor-element-6ed2384 e-flex e-con-boxed e-con e-parent\" data-id=\"6ed2384\" data-element_type=\"container\" data-e-type=\"container\" data-settings=\"{&quot;background_background&quot;:&quot;classic&quot;}\">\n\t\t\t\t\t<div class=\"e-con-inner\">\n\t\t\t\t<div class=\"elementor-element elementor-element-9d74b63 elementor-widget elementor-widget-text-editor\" data-id=\"9d74b63\" data-element_type=\"widget\" data-e-type=\"widget\" data-widget_type=\"text-editor.default\">\n\t\t\t\t\t\t\t\t\t<p style=\"text-align: center;\"><em>N&rsquo;h\u00e9sitez pas \u00e0 me contacter pour discuter de vos projets et explorer comment je peux vous aider \u00e0 donner vie \u00e0 vos id\u00e9es !<\/em><\/p><p style=\"text-align: center;\"><em><strong>Merci de votre visite et confiance<\/strong><\/em><\/p><p style=\"text-align: center;\"><a href=\"https:\/\/niglo-design.fr\/index.php\/contact\/\"><strong>CONTACT<\/strong><\/a><\/p>\t\t\t\t\t\t\t\t<\/div>\n\t\t\t\t\t<\/div>\n\t\t\t\t<\/div>\n\t\t\t\t<\/div>\n\t\t","protected":false},"excerpt":{"rendered":"<p>Evolutions Dans cette galerie j\u2019y expose l\u2019\u00e9volution de mon image. Depuis le d\u00e9but de ma carri\u00e8re je n\u2019ai cess\u00e9 de [&hellip;]<\/p>\n","protected":false},"author":1,"featured_media":0,"parent":0,"menu_order":0,"comment_status":"closed","ping_status":"closed","template":"","meta":{"site-sidebar-layout":"no-sidebar","site-content-layout":"","ast-site-content-layout":"full-width-container","site-content-style":"default","site-sidebar-style":"default","ast-global-header-display":"","ast-banner-title-visibility":"","ast-main-header-display":"","ast-hfb-above-header-display":"","ast-hfb-below-header-display":"","ast-hfb-mobile-header-display":"","site-post-title":"disabled","ast-breadcrumbs-content":"","ast-featured-img":"disabled","footer-sml-layout":"","ast-disable-related-posts":"","theme-transparent-header-meta":"","adv-header-id-meta":"","stick-header-meta":"","header-above-stick-meta":"","header-main-stick-meta":"","header-below-stick-meta":"","astra-migrate-meta-layouts":"default","ast-page-background-enabled":"default","ast-page-background-meta":{"desktop":{"background-color":"var(--ast-global-color-5)","background-image":"","background-repeat":"repeat","background-position":"center center","background-size":"auto","background-attachment":"scroll","background-type":"","background-media":"","overlay-type":"","overlay-color":"","overlay-opacity":"","overlay-gradient":""},"tablet":{"background-color":"","background-image":"","background-repeat":"repeat","background-position":"center center","background-size":"auto","background-attachment":"scroll","background-type":"","background-media":"","overlay-type":"","overlay-color":"","overlay-opacity":"","overlay-gradient":""},"mobile":{"background-color":"","background-image":"","background-repeat":"repeat","background-position":"center center","background-size":"auto","background-attachment":"scroll","background-type":"","background-media":"","overlay-type":"","overlay-color":"","overlay-opacity":"","overlay-gradient":""}},"ast-content-background-meta":{"desktop":{"background-color":"var(--ast-global-color-4)","background-image":"","background-repeat":"repeat","background-position":"center center","background-size":"auto","background-attachment":"scroll","background-type":"","background-media":"","overlay-type":"","overlay-color":"","overlay-opacity":"","overlay-gradient":""},"tablet":{"background-color":"var(--ast-global-color-4)","background-image":"","background-repeat":"repeat","background-position":"center center","background-size":"auto","background-attachment":"scroll","background-type":"","background-media":"","overlay-type":"","overlay-color":"","overlay-opacity":"","overlay-gradient":""},"mobile":{"background-color":"var(--ast-global-color-4)","background-image":"","background-repeat":"repeat","background-position":"center center","background-size":"auto","background-attachment":"scroll","background-type":"","background-media":"","overlay-type":"","overlay-color":"","overlay-opacity":"","overlay-gradient":""}},"footnotes":""},"class_list":["post-1038","page","type-page","status-publish","hentry"],"_links":{"self":[{"href":"https:\/\/niglo-design.fr\/index.php\/wp-json\/wp\/v2\/pages\/1038","targetHints":{"allow":["GET"]}}],"collection":[{"href":"https:\/\/niglo-design.fr\/index.php\/wp-json\/wp\/v2\/pages"}],"about":[{"href":"https:\/\/niglo-design.fr\/index.php\/wp-json\/wp\/v2\/types\/page"}],"author":[{"embeddable":true,"href":"https:\/\/niglo-design.fr\/index.php\/wp-json\/wp\/v2\/users\/1"}],"replies":[{"embeddable":true,"href":"https:\/\/niglo-design.fr\/index.php\/wp-json\/wp\/v2\/comments?post=1038"}],"version-history":[{"count":35,"href":"https:\/\/niglo-design.fr\/index.php\/wp-json\/wp\/v2\/pages\/1038\/revisions"}],"predecessor-version":[{"id":2576,"href":"https:\/\/niglo-design.fr\/index.php\/wp-json\/wp\/v2\/pages\/1038\/revisions\/2576"}],"wp:attachment":[{"href":"https:\/\/niglo-design.fr\/index.php\/wp-json\/wp\/v2\/media?parent=1038"}],"curies":[{"name":"wp","href":"https:\/\/api.w.org\/{rel}","templated":true}]}}